{"id":13303,"date":"2023-06-26T07:17:03","date_gmt":"2023-06-26T05:17:03","guid":{"rendered":"https:\/\/yuga.at\/?page_id=13303"},"modified":"2023-10-07T14:40:44","modified_gmt":"2023-10-07T12:40:44","slug":"ueber-uns","status":"publish","type":"page","link":"https:\/\/yuga.at\/de\/o-nama\/","title":{"rendered":"\u00dcber uns"},"content":{"rendered":"<div class=\"wp-block-cover alignfull is-light o-nama-hero\" style=\"min-height:600px;aspect-ratio:unset;\"><span aria-hidden=\"true\" class=\"wp-block-cover__background has-background-dim-10 has-background-dim\"><\/span><img loading=\"lazy\" decoding=\"async\" width=\"2343\" height=\"1080\" class=\"wp-block-cover__image-background wp-image-13390\" alt=\"\" src=\"https:\/\/yuga.at\/wp-content\/uploads\/srdjan-rakic-branko-todorovic-kaisermuehlen.jpg\" style=\"object-position:48% 62%\" data-object-fit=\"cover\" data-object-position=\"48% 62%\" srcset=\"https:\/\/yuga.at\/wp-content\/uploads\/srdjan-rakic-branko-todorovic-kaisermuehlen.jpg 2343w, https:\/\/yuga.at\/wp-content\/uploads\/srdjan-rakic-branko-todorovic-kaisermuehlen-978x451.jpg 978w, https:\/\/yuga.at\/wp-content\/uploads\/srdjan-rakic-branko-todorovic-kaisermuehlen-1404x647.jpg 1404w, https:\/\/yuga.at\/wp-content\/uploads\/srdjan-rakic-branko-todorovic-kaisermuehlen-768x354.jpg 768w, https:\/\/yuga.at\/wp-content\/uploads\/srdjan-rakic-branko-todorovic-kaisermuehlen-1536x708.jpg 1536w, https:\/\/yuga.at\/wp-content\/uploads\/srdjan-rakic-branko-todorovic-kaisermuehlen-2048x944.jpg 2048w, https:\/\/yuga.at\/wp-content\/uploads\/srdjan-rakic-branko-todorovic-kaisermuehlen-50x23.jpg 50w\" sizes=\"auto, (max-width: 2343px) 100vw, 2343px\" \/><div class=\"wp-block-cover__inner-container is-layout-flow wp-block-cover-is-layout-flow\">\n<h2 class=\"wp-block-heading alignwide has-black-color has-text-color\" style=\"font-size:64px;font-style:normal;font-weight:400\"><\/h2>\n\n\n\n<div class=\"wp-block-columns alignwide is-layout-flex wp-container-core-columns-is-layout-9d6595d7 wp-block-columns-is-layout-flex\">\n<div class=\"wp-block-column is-layout-flow wp-block-column-is-layout-flow\" style=\"flex-basis:55%\">\n<div style=\"height:330px\" aria-hidden=\"true\" class=\"wp-block-spacer\"><\/div>\n<\/div>\n\n\n\n<div class=\"wp-block-column is-layout-flow wp-block-column-is-layout-flow\"><\/div>\n<\/div>\n<\/div><\/div>\n\n\n<div style=\"position: relative\">\n<div class=\"wp-block-media-text alignfull has-media-on-the-right is-stacked-on-mobile is-vertically-aligned-center is-image-fill o-nama-description has-pale-ocean-gradient-background has-background\" style=\"grid-template-columns:auto 45%\"><div class=\"wp-block-media-text__content\">\n<div class=\"wp-block-group\" style=\"padding-top:2em;padding-right:2em;padding-bottom:2em;padding-left:2em\"><div class=\"wp-block-group__inner-container is-layout-flow wp-block-group-is-layout-flow\">\n<p style=\"font-size:36px;line-height:1.2\"><strong>YUga.at<\/strong><\/p>\n\n\n\n<p class=\"has-medium-font-size\">Die Entstehung und Entwicklung des Portals YUga.at ist verbunden mit dem Mangel, oder besser gesagt der Unzug\u00e4nglichkeit relevanter Informationen f\u00fcr Menschen, die in Wien leben und aus den Gebieten des ehemaligen Jugoslawiens stammen.<\/p>\n\n\n\n<p class=\"has-medium-font-size\">Die verst\u00e4rkte Ansiedlung unserer Leute in \u00d6sterreich begann Anfang der 90er Jahre des letzten Jahrhunderts und dauert kontinuierlich an.<\/p>\n\n\n\n<p class=\"has-medium-font-size\">Jede Ankunft in einer neuen Umgebung, in der eine fremde Sprache gesprochen wird und die Gesetze sich von denen des Herkunftslandes unterscheiden, erfordert gut informiert zu sein. Dies ist notwendig, um sich schnell in das t\u00e4gliche Leben des Landes zu integrieren und dadurch das t\u00e4gliche Leben f\u00fcr sich und die Familie zu erleichtern.<\/p>\n\n\n\n<p>Mit der Entwicklung der Informationstechnologie entstand die M\u00f6glichkeit, dass eine Person, die nach bestimmten Informationen sucht, diese in nur wenigen Klicks auf ihrem Computer oder Mobiltelefon finden kann.<\/p>\n\n\n\n<p>Das Portal YUga hat diese M\u00f6glichkeit erkannt und versucht in seinem Inhalt so viele Informationen wie m\u00f6glich zu vereinen, die f\u00fcr unsere Leute von Bedeutung sind.<\/p>\n\n\n\n<p>Auf unserer Website k\u00f6nnen \u00c4rzte gefunden werden, die exYu Sprache sprechen, Restaurants, deren Besitzer unsere Leute sind und in denen unsere Spezialit\u00e4ten angeboten werden, sowie Transportunternehmen, die auf der Strecke Wien \u2013 Ex-Yu t\u00e4tig sind.<\/p>\n\n\n\n<p>Ebenso sind auf YUga.at unsere Friseure, Kosmetiker, Kfz-Mechaniker und viele andere Handwerker zu finden.<\/p>\n\n\n\n<p>F\u00fcr rechtliche Fragen stehen Anw\u00e4lte zur Verf\u00fcgung, die in ihrer Muttersprache konsultiert werden k\u00f6nnen. Es sind auch viele andere Informationen zu Aufenthaltsrecht, Studium oder Deutsch lernen verf\u00fcgbar...<\/p>\n<\/div><\/div>\n<\/div><figure class=\"wp-block-media-text__media\" style=\"background-image:url(https:\/\/yuga.at\/wp-content\/uploads\/srdjan-rakic-branko-todorovic-prater.jpg);background-position:85% 9%\"><img loading=\"lazy\" decoding=\"async\" width=\"1130\" height=\"2000\" src=\"https:\/\/yuga.at\/wp-content\/uploads\/srdjan-rakic-branko-todorovic-prater.jpg\" alt=\"\" class=\"wp-image-13391 size-full\" srcset=\"https:\/\/yuga.at\/wp-content\/uploads\/srdjan-rakic-branko-todorovic-prater.jpg 1130w, https:\/\/yuga.at\/wp-content\/uploads\/srdjan-rakic-branko-todorovic-prater-978x1731.jpg 978w, https:\/\/yuga.at\/wp-content\/uploads\/srdjan-rakic-branko-todorovic-prater-768x1359.jpg 768w, https:\/\/yuga.at\/wp-content\/uploads\/srdjan-rakic-branko-todorovic-prater-868x1536.jpg 868w, https:\/\/yuga.at\/wp-content\/uploads\/srdjan-rakic-branko-todorovic-prater-28x50.jpg 28w\" sizes=\"auto, (max-width: 1130px) 100vw, 1130px\" \/><\/figure><\/div>\n<div class=\"featured-image-copyright\"><\/div><\/div>\n\n<div style=\"position: relative\">\n<div class=\"wp-block-media-text alignfull is-stacked-on-mobile is-vertically-aligned-center o-nama-bio has-background\" style=\"background:linear-gradient(90deg,rgb(255,253,234) 0%,rgb(255,229,199) 100%)\"><figure class=\"wp-block-media-text__media\"><img loading=\"lazy\" decoding=\"async\" width=\"1404\" height=\"683\" src=\"https:\/\/yuga.at\/wp-content\/uploads\/srdjan-rakic-donau-wien-1404x683.jpg\" alt=\"\" class=\"wp-image-13393 size-full\" srcset=\"https:\/\/yuga.at\/wp-content\/uploads\/srdjan-rakic-donau-wien-1404x683.jpg 1404w, https:\/\/yuga.at\/wp-content\/uploads\/srdjan-rakic-donau-wien-978x476.jpg 978w, https:\/\/yuga.at\/wp-content\/uploads\/srdjan-rakic-donau-wien-768x374.jpg 768w, https:\/\/yuga.at\/wp-content\/uploads\/srdjan-rakic-donau-wien-1536x748.jpg 1536w, https:\/\/yuga.at\/wp-content\/uploads\/srdjan-rakic-donau-wien-2048x997.jpg 2048w, https:\/\/yuga.at\/wp-content\/uploads\/srdjan-rakic-donau-wien-50x24.jpg 50w\" sizes=\"auto, (max-width: 1404px) 100vw, 1404px\" \/><\/figure><div class=\"wp-block-media-text__content\">\n<div class=\"wp-block-group\" style=\"padding-top:2em;padding-right:2em;padding-bottom:2em;padding-left:2em\"><div class=\"wp-block-group__inner-container is-layout-flow wp-block-group-is-layout-flow\">\n<h2 class=\"wp-block-heading\">Srdjan<\/h2>\n\n\n\n<p>Beruflich Religionslehrer, aber seine Interessen erstrecken sich auch auf viele andere Dinge...<\/p>\n\n\n\n<p>Jahrelang hegte er die Idee eines Portals wie YUga, suchte nach Mitarbeitern und traf schlie\u00dflich im Jahr 2019 auf Branko. \ud83d\ude42<br><br>Genie\u00dft die Arbeit mit WordPress, obwohl ihn auch verschiedene andere Webtechnologien interessieren.<\/p>\n\n\n\n<p>Besch\u00e4ftigt in \u00f6ffentlichen und privaten Schulen in Wien, steht aber au\u00dferhalb der Arbeitszeiten f\u00fcr verschiedene Arten der Zusammenarbeit zur Verf\u00fcgung, darunter auch f\u00fcr die professionelle Erstellung von Websites.<\/p>\n<\/div><\/div>\n<\/div><\/div>\n<div class=\"featured-image-copyright\"><\/div><\/div>\n\n<div style=\"position: relative\">\n<div class=\"wp-block-media-text alignfull has-media-on-the-right is-stacked-on-mobile is-vertically-aligned-center o-nama-bio has-background\" style=\"background:linear-gradient(90deg,rgb(255,226,226) 0%,rgba(255,0,200,0.06) 100%)\"><div class=\"wp-block-media-text__content\">\n<div class=\"wp-block-group\" style=\"padding-top:2em;padding-right:2em;padding-bottom:2em;padding-left:2em\"><div class=\"wp-block-group__inner-container is-layout-flow wp-block-group-is-layout-flow\">\n<h2 class=\"wp-block-heading\">Branko Todorovi\u0107<\/h2>\n\n\n\n<p class=\"has-extra-small-font-size\">Programmierer und Web-Entwickler bei YUga.<\/p>\n\n\n\n<p class=\"has-extra-small-font-size\">Kam 2019 nach Wien und st\u00fcrzte sich sofort in die Arbeit, als k\u00e4me er nicht aus Serbien, sondern aus Japan. \ud83d\ude42<\/p>\n\n\n\n<p>Vater von zwei kleinen Kobolden, Ehemann der sch\u00f6nen Daca. Beruflich ein Informatik-Bachelor, falls es jemanden interessiert.<\/p>\n\n\n\n<p>Arbeitet beim KFV in Wien. Liebt PHP, genie\u00dft JS und lernt Python. Wei\u00df oft mehr als n\u00f6tig, daher tut ihm oft der Kopf weh.<\/p>\n\n\n<style>.wp-block-kadence-advancedbtn.kb-btns13303_de0194-20{gap:var(--global-kb-gap-xs, 0.5rem );justify-content:flex-start;align-items:center;}.kt-btns13303_de0194-20 .kt-button{font-weight:normal;font-style:normal;}<\/style>\n<div class=\"wp-block-kadence-advancedbtn kb-buttons-wrap kb-btns13303_de0194-20\"><style>ul.menu .wp-block-kadence-advancedbtn .kb-btn13303_ea0814-1d.kb-button{width:initial;}.wp-block-kadence-advancedbtn .kb-btn13303_ea0814-1d.kb-button{color:#555555;font-size:19px;letter-spacing:1px;font-family:\"Lucida Console\", Monaco, monospace;font-weight:400;border-top-color:#555555;border-top-style:solid;border-right-color:#555555;border-right-style:solid;border-bottom-color:#555555;border-bottom-style:solid;border-left-color:#555555;border-left-style:solid;box-shadow:1px 1px 10px 2px rgba(0, 0, 0, 0.2);}.kb-btn13303_ea0814-1d.kb-button .kb-svg-icon-wrap{font-size:29px;--kb-button-icon-size:29px;}.wp-block-kadence-advancedbtn .kb-btn13303_ea0814-1d.kb-button:hover, .wp-block-kadence-advancedbtn .kb-btn13303_ea0814-1d.kb-button:focus{color:#ffffff;background:#444444;border-top-color:#444444;border-top-style:solid;border-right-color:#444444;border-right-style:solid;border-bottom-color:#444444;border-bottom-style:solid;border-left-color:#444444;border-left-style:solid;}.kb-btn13303_ea0814-1d.kb-button .kt-btn-inner-text{display:none;}@media all and (max-width: 1024px){.wp-block-kadence-advancedbtn .kb-btn13303_ea0814-1d.kb-button{border-top-color:#555555;border-top-style:solid;border-right-color:#555555;border-right-style:solid;border-bottom-color:#555555;border-bottom-style:solid;border-left-color:#555555;border-left-style:solid;}}@media all and (max-width: 1024px){.wp-block-kadence-advancedbtn .kb-btn13303_ea0814-1d.kb-button:hover, .wp-block-kadence-advancedbtn .kb-btn13303_ea0814-1d.kb-button:focus{border-top-color:#444444;border-top-style:solid;border-right-color:#444444;border-right-style:solid;border-bottom-color:#444444;border-bottom-style:solid;border-left-color:#444444;border-left-style:solid;}}@media all and (max-width: 767px){.wp-block-kadence-advancedbtn .kb-btn13303_ea0814-1d.kb-button{border-top-color:#555555;border-top-style:solid;border-right-color:#555555;border-right-style:solid;border-bottom-color:#555555;border-bottom-style:solid;border-left-color:#555555;border-left-style:solid;}.wp-block-kadence-advancedbtn .kb-btn13303_ea0814-1d.kb-button:hover, .wp-block-kadence-advancedbtn .kb-btn13303_ea0814-1d.kb-button:focus{border-top-color:#444444;border-top-style:solid;border-right-color:#444444;border-right-style:solid;border-bottom-color:#444444;border-bottom-style:solid;border-left-color:#444444;border-left-style:solid;}}<\/style><a class=\"kb-button kt-button button kb-btn13303_ea0814-1d kt-btn-size-standard kt-btn-width-type-auto kb-btn-global-outline  kt-btn-has-text-true kt-btn-has-svg-true  wp-block-kadence-singlebtn\" href=\"https:\/\/www.linkedin.com\/in\/branko-todorovic-bcs\/\" target=\"_blank\" rel=\"noreferrer noopener\"><span class=\"kb-svg-icon-wrap kb-svg-icon-fa_linkedin-in kt-btn-icon-side-left\"><svg viewbox=\"0 0 448 512\"  fill=\"currentColor\" xmlns=\"http:\/\/www.w3.org\/2000\/svg\"  aria-hidden=\"true\"><path d=\"M100.3 480H7.4V180.9h92.9V480zM53.8 140.1C24.1 140.1 0 115.5 0 85.8 0 56.1 24.1 32 53.8 32c29.7 0 53.8 24.1 53.8 53.8 0 29.7-24.1 54.3-53.8 54.3zM448 480h-92.7V334.4c0-34.7-.7-79.2-48.3-79.2-48.3 0-55.7 37.7-55.7 76.7V480h-92.8V180.9h89.1v40.8h1.3c12.4-23.5 42.7-48.3 87.9-48.3 94 0 111.3 61.9 111.3 142.3V480z\"\/><\/svg><\/span><span class=\"kt-btn-inner-text\">LinkedIn<\/span><\/a><\/div>\n<\/div><\/div>\n<\/div><figure class=\"wp-block-media-text__media\"><img loading=\"lazy\" decoding=\"async\" width=\"1404\" height=\"590\" src=\"https:\/\/yuga.at\/wp-content\/uploads\/branko-todorovic-donau-wien-1404x590.jpg\" alt=\"\" class=\"wp-image-13388 size-full\" srcset=\"https:\/\/yuga.at\/wp-content\/uploads\/branko-todorovic-donau-wien-1404x590.jpg 1404w, https:\/\/yuga.at\/wp-content\/uploads\/branko-todorovic-donau-wien-978x411.jpg 978w, https:\/\/yuga.at\/wp-content\/uploads\/branko-todorovic-donau-wien-768x323.jpg 768w, https:\/\/yuga.at\/wp-content\/uploads\/branko-todorovic-donau-wien-1536x645.jpg 1536w, https:\/\/yuga.at\/wp-content\/uploads\/branko-todorovic-donau-wien-2048x860.jpg 2048w, https:\/\/yuga.at\/wp-content\/uploads\/branko-todorovic-donau-wien-50x21.jpg 50w\" sizes=\"auto, (max-width: 1404px) 100vw, 1404px\" \/><\/figure><\/div>\n<div class=\"featured-image-copyright\"><\/div><\/div>\n\n<div style=\"position: relative\">\n<div class=\"wp-block-media-text alignfull has-media-on-the-right is-stacked-on-mobile is-vertically-aligned-top is-image-fill o-nama-timeline has-text-color has-background has-link-color wp-elements-b3eb64f74a73a622f2c4c0cfc2445f4a\" style=\"color:#fffdc7;background:linear-gradient(127deg,rgb(18,28,28) 0%,rgb(26,17,103) 100%);grid-template-columns:auto 31%\"><div class=\"wp-block-media-text__content\">\n<div class=\"wp-block-group has-link-color wp-elements-53b0864c70cbe6f979e24ac3902bd59c\" style=\"padding-top:2em;padding-right:2em;padding-bottom:2em;padding-left:2em\"><div class=\"wp-block-group__inner-container is-layout-flow wp-block-group-is-layout-flow\">\n<h2 class=\"wp-block-heading\" style=\"font-size:48px;font-weight:700;line-height:1.15\">YUga durch die Zeit<\/h2>\n\n\n\n<p class=\"has-text-color has-link-color wp-elements-2f0535a5739fe0aed98fbbe9c6bd05b1\" style=\"color:#fffdc7\">2020 \u2013 Planung und umsetzung des Portals<\/p>\n\n\n\n<p>2020 \u2013 Webeite ist online<\/p>\n\n\n\n<p>2021 \u2013 Hinzuf\u00fcgung der Servicesuche<\/p>\n\n\n\n<p>2022 \u2013 Hinzuf\u00fcgung des Newsletters<\/p>\n\n\n\n<p>2023 \u2013 Photo Shoot<\/p>\n\n\n\n<p>2024 \u2013 Podcast<\/p>\n<\/div><\/div>\n<\/div><figure class=\"wp-block-media-text__media\" style=\"background-image:url(https:\/\/yuga.at\/wp-content\/uploads\/srdjan-rakic-branko-todorovic-dc-tower-1.jpg);background-position:62% 0%\"><img loading=\"lazy\" decoding=\"async\" width=\"484\" height=\"1080\" src=\"https:\/\/yuga.at\/wp-content\/uploads\/srdjan-rakic-branko-todorovic-dc-tower-1.jpg\" alt=\"\" class=\"wp-image-13389 size-full\" srcset=\"https:\/\/yuga.at\/wp-content\/uploads\/srdjan-rakic-branko-todorovic-dc-tower-1.jpg 484w, https:\/\/yuga.at\/wp-content\/uploads\/srdjan-rakic-branko-todorovic-dc-tower-1-22x50.jpg 22w\" sizes=\"auto, (max-width: 484px) 100vw, 484px\" \/><\/figure><\/div>\n<div class=\"featured-image-copyright\"><\/div><\/div>\n\n\n<div class=\"wp-block-cover alignfull is-light has-parallax is-repeated o-nama-footer-paralax\" style=\"min-height:80vh;aspect-ratio:unset;\"><span aria-hidden=\"true\" class=\"wp-block-cover__background has-background-dim-40 has-background-dim wp-block-cover__gradient-background has-background-gradient\" style=\"background:linear-gradient(308deg,rgb(0,0,0) 0%,rgb(107,16,18) 100%)\"><\/span><div role=\"img\" class=\"wp-block-cover__image-background wp-image-13392 has-parallax is-repeated\" style=\"background-position:60% 30%;background-image:url(https:\/\/yuga.at\/wp-content\/uploads\/srdjan-rakic-branko-todorovic-prater-franziskus.jpg)\"><\/div><div class=\"wp-block-cover__inner-container is-layout-flow wp-block-cover-is-layout-flow\">\n<h2 class=\"wp-block-heading alignwide has-white-color has-text-color\" style=\"font-size:48px;line-height:1.2\"><strong><em>Immer zug\u00e4nglich<\/em><\/strong><br><strong><em>Bereit auf neue Ideen<\/em><\/strong><br><strong><em>Wir denken anders<\/em><\/strong><\/h2>\n\n\n\n<div class=\"wp-block-columns alignwide is-layout-flex wp-container-core-columns-is-layout-9d6595d7 wp-block-columns-is-layout-flex\">\n<div class=\"wp-block-column is-layout-flow wp-block-column-is-layout-flow\" style=\"flex-basis:60%\">\n<div class=\"wp-block-buttons is-layout-flex wp-container-core-buttons-is-layout-c07eda73 wp-block-buttons-is-layout-flex\">\n<div class=\"wp-block-button has-custom-font-size is-style-fill has-small-font-size\" style=\"font-style:italic;font-weight:600\"><a class=\"wp-block-button__link has-text-color has-background wp-element-button\" href=\"https:\/\/yuga.at\/de\/kontakt\/\" style=\"border-radius:6px;color:#ffffff;background-color:#000000\">Kontakt<\/a><\/div>\n<\/div>\n<\/div>\n\n\n\n<div class=\"wp-block-column is-layout-flow wp-block-column-is-layout-flow\"><\/div>\n<\/div>\n<\/div><\/div>","protected":false},"excerpt":{"rendered":"","protected":false},"author":2,"featured_media":0,"parent":0,"menu_order":0,"comment_status":"closed","ping_status":"closed","template":"","meta":{"_acf_changed":false,"_kad_blocks_custom_css":"","_kad_blocks_head_custom_js":"","_kad_blocks_body_custom_js":"","_kad_blocks_footer_custom_js":"","footnotes":""},"class_list":["post-13303","page","type-page","status-publish","hentry","entry","post-no-thumbnail"],"acf":[],"yoast_head":"<!-- This site is optimized with the Yoast SEO plugin v27.3 - https:\/\/yoast.com\/product\/yoast-seo-wordpress\/ -->\n<title>O nama - YUga.at<\/title>\n<meta name=\"robots\" content=\"noindex, follow\" \/>\n<meta property=\"og:locale\" content=\"de_DE\" \/>\n<meta property=\"og:type\" content=\"article\" \/>\n<meta property=\"og:title\" content=\"O nama - YUga.at\" \/>\n<meta property=\"og:url\" content=\"https:\/\/yuga.at\/de\/ueber-uns\/\" \/>\n<meta property=\"og:site_name\" content=\"YUga.at\" \/>\n<meta property=\"article:publisher\" content=\"https:\/\/www.facebook.com\/yuga.austria\" \/>\n<meta property=\"article:modified_time\" content=\"2023-10-07T12:40:44+00:00\" \/>\n<meta property=\"og:image\" content=\"https:\/\/yuga.at\/wp-content\/uploads\/srdjan-rakic-branko-todorovic-kaisermuehlen.jpg\" \/>\n<meta name=\"twitter:card\" content=\"summary_large_image\" \/>\n<meta name=\"twitter:label1\" content=\"Gesch\u00e4tzte Lesezeit\" \/>\n\t<meta name=\"twitter:data1\" content=\"3\u00a0Minuten\" \/>\n<script type=\"application\/ld+json\" class=\"yoast-schema-graph\">{\"@context\":\"https:\\\/\\\/schema.org\",\"@graph\":[{\"@type\":\"WebPage\",\"@id\":\"https:\\\/\\\/yuga.at\\\/o-nama\\\/\",\"url\":\"https:\\\/\\\/yuga.at\\\/o-nama\\\/\",\"name\":\"O nama - YUga.at\",\"isPartOf\":{\"@id\":\"https:\\\/\\\/yuga.at\\\/#website\"},\"primaryImageOfPage\":{\"@id\":\"https:\\\/\\\/yuga.at\\\/o-nama\\\/#primaryimage\"},\"image\":{\"@id\":\"https:\\\/\\\/yuga.at\\\/o-nama\\\/#primaryimage\"},\"thumbnailUrl\":\"https:\\\/\\\/yuga.at\\\/wp-content\\\/uploads\\\/srdjan-rakic-branko-todorovic-kaisermuehlen.jpg\",\"datePublished\":\"2023-06-26T05:17:03+00:00\",\"dateModified\":\"2023-10-07T12:40:44+00:00\",\"breadcrumb\":{\"@id\":\"https:\\\/\\\/yuga.at\\\/o-nama\\\/#breadcrumb\"},\"inLanguage\":\"de\",\"potentialAction\":[{\"@type\":\"ReadAction\",\"target\":[\"https:\\\/\\\/yuga.at\\\/o-nama\\\/\"]}]},{\"@type\":\"ImageObject\",\"inLanguage\":\"de\",\"@id\":\"https:\\\/\\\/yuga.at\\\/o-nama\\\/#primaryimage\",\"url\":\"https:\\\/\\\/yuga.at\\\/wp-content\\\/uploads\\\/srdjan-rakic-branko-todorovic-kaisermuehlen.jpg\",\"contentUrl\":\"https:\\\/\\\/yuga.at\\\/wp-content\\\/uploads\\\/srdjan-rakic-branko-todorovic-kaisermuehlen.jpg\"},{\"@type\":\"BreadcrumbList\",\"@id\":\"https:\\\/\\\/yuga.at\\\/o-nama\\\/#breadcrumb\",\"itemListElement\":[{\"@type\":\"ListItem\",\"position\":1,\"name\":\"Home\",\"item\":\"https:\\\/\\\/yuga.at\\\/\"},{\"@type\":\"ListItem\",\"position\":2,\"name\":\"O nama\"}]},{\"@type\":\"WebSite\",\"@id\":\"https:\\\/\\\/yuga.at\\\/#website\",\"url\":\"https:\\\/\\\/yuga.at\\\/\",\"name\":\"YUga.at\",\"description\":\"exYU Portal\",\"publisher\":{\"@id\":\"https:\\\/\\\/yuga.at\\\/#organization\"},\"potentialAction\":[{\"@type\":\"SearchAction\",\"target\":{\"@type\":\"EntryPoint\",\"urlTemplate\":\"https:\\\/\\\/yuga.at\\\/?s={search_term_string}\"},\"query-input\":{\"@type\":\"PropertyValueSpecification\",\"valueRequired\":true,\"valueName\":\"search_term_string\"}}],\"inLanguage\":\"de\"},{\"@type\":\"Organization\",\"@id\":\"https:\\\/\\\/yuga.at\\\/#organization\",\"name\":\"YUga.at\",\"url\":\"https:\\\/\\\/yuga.at\\\/\",\"logo\":{\"@type\":\"ImageObject\",\"inLanguage\":\"de\",\"@id\":\"https:\\\/\\\/yuga.at\\\/#\\\/schema\\\/logo\\\/image\\\/\",\"url\":\"https:\\\/\\\/yuga.at\\\/wp-content\\\/uploads\\\/yuga-logo-black-250.png\",\"contentUrl\":\"https:\\\/\\\/yuga.at\\\/wp-content\\\/uploads\\\/yuga-logo-black-250.png\",\"width\":250,\"height\":143,\"caption\":\"YUga.at\"},\"image\":{\"@id\":\"https:\\\/\\\/yuga.at\\\/#\\\/schema\\\/logo\\\/image\\\/\"},\"sameAs\":[\"https:\\\/\\\/www.facebook.com\\\/yuga.austria\",\"https:\\\/\\\/www.instagram.com\\\/yuga.at\\\/\"]}]}<\/script>\n<!-- \/ Yoast SEO plugin. -->","yoast_head_json":{"title":"O nama - YUga.at","robots":{"index":"noindex","follow":"follow"},"og_locale":"de_DE","og_type":"article","og_title":"O nama - YUga.at","og_url":"https:\/\/yuga.at\/de\/ueber-uns\/","og_site_name":"YUga.at","article_publisher":"https:\/\/www.facebook.com\/yuga.austria","article_modified_time":"2023-10-07T12:40:44+00:00","og_image":[{"url":"https:\/\/yuga.at\/wp-content\/uploads\/srdjan-rakic-branko-todorovic-kaisermuehlen.jpg","type":"","width":"","height":""}],"twitter_card":"summary_large_image","twitter_misc":{"Gesch\u00e4tzte Lesezeit":"3\u00a0Minuten"},"schema":{"@context":"https:\/\/schema.org","@graph":[{"@type":"WebPage","@id":"https:\/\/yuga.at\/o-nama\/","url":"https:\/\/yuga.at\/o-nama\/","name":"O nama - YUga.at","isPartOf":{"@id":"https:\/\/yuga.at\/#website"},"primaryImageOfPage":{"@id":"https:\/\/yuga.at\/o-nama\/#primaryimage"},"image":{"@id":"https:\/\/yuga.at\/o-nama\/#primaryimage"},"thumbnailUrl":"https:\/\/yuga.at\/wp-content\/uploads\/srdjan-rakic-branko-todorovic-kaisermuehlen.jpg","datePublished":"2023-06-26T05:17:03+00:00","dateModified":"2023-10-07T12:40:44+00:00","breadcrumb":{"@id":"https:\/\/yuga.at\/o-nama\/#breadcrumb"},"inLanguage":"de","potentialAction":[{"@type":"ReadAction","target":["https:\/\/yuga.at\/o-nama\/"]}]},{"@type":"ImageObject","inLanguage":"de","@id":"https:\/\/yuga.at\/o-nama\/#primaryimage","url":"https:\/\/yuga.at\/wp-content\/uploads\/srdjan-rakic-branko-todorovic-kaisermuehlen.jpg","contentUrl":"https:\/\/yuga.at\/wp-content\/uploads\/srdjan-rakic-branko-todorovic-kaisermuehlen.jpg"},{"@type":"BreadcrumbList","@id":"https:\/\/yuga.at\/o-nama\/#breadcrumb","itemListElement":[{"@type":"ListItem","position":1,"name":"Home","item":"https:\/\/yuga.at\/"},{"@type":"ListItem","position":2,"name":"O nama"}]},{"@type":"WebSite","@id":"https:\/\/yuga.at\/#website","url":"https:\/\/yuga.at\/","name":"YUga.at","description":"exYU Portal","publisher":{"@id":"https:\/\/yuga.at\/#organization"},"potentialAction":[{"@type":"SearchAction","target":{"@type":"EntryPoint","urlTemplate":"https:\/\/yuga.at\/?s={search_term_string}"},"query-input":{"@type":"PropertyValueSpecification","valueRequired":true,"valueName":"search_term_string"}}],"inLanguage":"de"},{"@type":"Organization","@id":"https:\/\/yuga.at\/#organization","name":"YUga.at","url":"https:\/\/yuga.at\/","logo":{"@type":"ImageObject","inLanguage":"de","@id":"https:\/\/yuga.at\/#\/schema\/logo\/image\/","url":"https:\/\/yuga.at\/wp-content\/uploads\/yuga-logo-black-250.png","contentUrl":"https:\/\/yuga.at\/wp-content\/uploads\/yuga-logo-black-250.png","width":250,"height":143,"caption":"YUga.at"},"image":{"@id":"https:\/\/yuga.at\/#\/schema\/logo\/image\/"},"sameAs":["https:\/\/www.facebook.com\/yuga.austria","https:\/\/www.instagram.com\/yuga.at\/"]}]}},"taxonomy_info":[],"featured_image_src_large":false,"author_info":{"display_name":"Branko Todorovic","author_link":"https:\/\/yuga.at\/de\/author\/branko\/"},"comment_info":0,"_links":{"self":[{"href":"https:\/\/yuga.at\/de\/wp-json\/wp\/v2\/pages\/13303","targetHints":{"allow":["GET"]}}],"collection":[{"href":"https:\/\/yuga.at\/de\/wp-json\/wp\/v2\/pages"}],"about":[{"href":"https:\/\/yuga.at\/de\/wp-json\/wp\/v2\/types\/page"}],"author":[{"embeddable":true,"href":"https:\/\/yuga.at\/de\/wp-json\/wp\/v2\/users\/2"}],"replies":[{"embeddable":true,"href":"https:\/\/yuga.at\/de\/wp-json\/wp\/v2\/comments?post=13303"}],"version-history":[{"count":38,"href":"https:\/\/yuga.at\/de\/wp-json\/wp\/v2\/pages\/13303\/revisions"}],"predecessor-version":[{"id":13896,"href":"https:\/\/yuga.at\/de\/wp-json\/wp\/v2\/pages\/13303\/revisions\/13896"}],"wp:attachment":[{"href":"https:\/\/yuga.at\/de\/wp-json\/wp\/v2\/media?parent=13303"}],"curies":[{"name":"wp","href":"https:\/\/api.w.org\/{rel}","templated":true}]}}