{"id":14081,"date":"2023-11-09T23:00:00","date_gmt":"2023-11-09T22:00:00","guid":{"rendered":"https:\/\/yuga.at\/?page_id=14081"},"modified":"2025-05-18T21:55:16","modified_gmt":"2025-05-18T19:55:16","slug":"changelog","status":"publish","type":"page","link":"https:\/\/yuga.at\/de\/izmene-na-sajtu\/","title":{"rendered":"Changelog"},"content":{"rendered":"<div class=\"wp-block-group is-nowrap is-layout-flex wp-container-core-group-is-layout-ad2f72ca wp-block-group-is-layout-flex\">\n<h2 class=\"wp-block-heading has-text-align-center\">Changelog<\/h2>\n<\/div>\n\n\n\n<h2 class=\"wp-block-heading has-medium-font-size\">18.05.2025, Verzija 2.0.1<\/h2>\n\n\n\n<ul class=\"wp-block-list\">\n<li>Dodata Sekcija &#8220;Pitajte advokata&#8221;<\/li>\n<\/ul>\n\n\n\n<hr class=\"wp-block-separator aligncenter has-alpha-channel-opacity is-style-wide\"\/>\n\n\n\n<h2 class=\"wp-block-heading has-medium-font-size\">16.11.2024, Verzija 2.0.0<\/h2>\n\n\n\n<ul class=\"wp-block-list\">\n<li>Dodat Dark mode<\/li>\n<\/ul>\n\n\n\n<hr class=\"wp-block-separator aligncenter has-alpha-channel-opacity is-style-wide\"\/>\n\n\n\n<h2 class=\"wp-block-heading has-medium-font-size\">23.02.2024, Version 1.3.2<\/h2>\n\n\n\n<ul class=\"wp-block-list\">\n<li>Hinzugef\u00fcgt: Beitrag \"Wehrpflicht in \u00d6sterreich\", Kategorien \"Gesselschaft, Institutionen, Leben und Arbeit\"<\/li>\n<\/ul>\n\n\n\n<hr class=\"wp-block-separator aligncenter has-alpha-channel-opacity is-style-wide\"\/>\n\n\n\n<h2 class=\"wp-block-heading has-medium-font-size\">01.02.2024, Version 1.3.1<\/h2>\n\n\n\n<ul class=\"wp-block-list\">\n<li>Hinzugef\u00fcgt: Beitrag \"Kliniktasche packen f\u00fcr die Geburt - Checkliste\", Kategorie \"Etwas Sch\u00f6nes\"<\/li>\n<\/ul>\n\n\n\n<hr class=\"wp-block-separator aligncenter has-alpha-channel-opacity is-style-wide\"\/>\n\n\n\n<h2 class=\"wp-block-heading has-medium-font-size\">27.01.2024, Version 1.3.0<\/h2>\n\n\n\n<ul class=\"wp-block-list\">\n<li>Deutsche Sprache als zweite Sprache nach der exYU-Sprache hinzugef\u00fcgt<\/li>\n\n\n\n<li>Schaltfl\u00e4che zum \u00c4ndern der Sprache hinzugef\u00fcgt<\/li>\n<\/ul>\n\n\n\n<hr class=\"wp-block-separator aligncenter has-alpha-channel-opacity is-style-wide\"\/>\n\n\n\n<h2 class=\"wp-block-heading has-medium-font-size\">03.12.2023, Version 1.2.1<\/h2>\n\n\n\n<ul class=\"wp-block-list\">\n<li>Hinzugef\u00fcgt: Quiz \u201eOrte in \u00d6sterreich erkennen\u201c<\/li>\n\n\n\n<li>Hinzugef\u00fcgt: Quiz \u201eexYU St\u00e4dte erkennen\u201c<\/li>\n<\/ul>\n\n\n\n<hr class=\"wp-block-separator aligncenter has-alpha-channel-opacity is-style-wide\"\/>\n\n\n\n<h2 class=\"wp-block-heading has-medium-font-size\">14.11.2023, Version 1.2.0<\/h2>\n\n\n\n<ul class=\"wp-block-list\">\n<li>Hinzugef\u00fcgt: Beitrag \"Offene Bibliothek am Wochenende\", Kategorie \"Etwas Sch\u00f6nes\"<\/li>\n<\/ul>\n\n\n\n<hr class=\"wp-block-separator aligncenter has-alpha-channel-opacity is-style-wide\"\/>\n\n\n\n<ul class=\"wp-block-list\">\n<li>10.11.2023, Version 1.1.0<\/li>\n<\/ul>\n\n\n\n<ul class=\"wp-block-list\">\n<li>Hinzugef\u00fcgt: Abschnitt \"Etwas Sch\u00f6nes\" auf der Startseite<\/li>\n<\/ul>\n\n\n\n<hr class=\"wp-block-separator aligncenter has-alpha-channel-opacity is-style-wide\"\/>\n\n\n\n<h2 class=\"wp-block-heading has-medium-font-size\">09.11.2023, Version 1.0.0<\/h2>\n\n\n\n<ul class=\"wp-block-list\">\n<li>Hinzugef\u00fcgt: Seite \"Website-\u00c4nderungen\"<\/li>\n<\/ul>","protected":false},"excerpt":{"rendered":"<p>Izmene na sajtu 18.05.2025, Verzija 2.0.1 16.11.2024, Verzija 2.0.0 23.02.2024, Verzija 1.3.2 01.02.2024, Verzija 1.3.1 27.01.2024, Verzija 1.3.0 03.12.2023, Verzija 1.2.1 14.11.2023, Verzija 1.2.0&#8230;<\/p>","protected":false},"author":2,"featured_media":0,"parent":0,"menu_order":0,"comment_status":"closed","ping_status":"closed","template":"page-canvas.php","meta":{"_acf_changed":false,"_kad_blocks_custom_css":"","_kad_blocks_head_custom_js":"","_kad_blocks_body_custom_js":"","_kad_blocks_footer_custom_js":"","footnotes":""},"class_list":["post-14081","page","type-page","status-publish","hentry","entry","post-no-thumbnail"],"acf":[],"yoast_head":"<!-- This site is optimized with the Yoast SEO plugin v27.3 - https:\/\/yoast.com\/product\/yoast-seo-wordpress\/ -->\n<title>Izmene na sajtu - YUga.at<\/title>\n<meta name=\"robots\" content=\"index, follow, max-snippet:-1, max-image-preview:large, max-video-preview:-1\" \/>\n<link rel=\"canonical\" href=\"https:\/\/yuga.at\/de\/changelog\/\" \/>\n<meta property=\"og:locale\" content=\"de_DE\" \/>\n<meta property=\"og:type\" content=\"article\" \/>\n<meta property=\"og:title\" content=\"Izmene na sajtu - YUga.at\" \/>\n<meta property=\"og:description\" content=\"Izmene na sajtu 18.05.2025, Verzija 2.0.1 16.11.2024, Verzija 2.0.0 23.02.2024, Verzija 1.3.2 01.02.2024, Verzija 1.3.1 27.01.2024, Verzija 1.3.0 03.12.2023, Verzija 1.2.1 14.11.2023, Verzija 1.2.0...\" \/>\n<meta property=\"og:url\" content=\"https:\/\/yuga.at\/de\/changelog\/\" \/>\n<meta property=\"og:site_name\" content=\"YUga.at\" \/>\n<meta property=\"article:publisher\" content=\"https:\/\/www.facebook.com\/yuga.austria\" \/>\n<meta property=\"article:modified_time\" content=\"2025-05-18T19:55:16+00:00\" \/>\n<meta name=\"twitter:card\" content=\"summary_large_image\" \/>\n<meta name=\"twitter:label1\" content=\"Gesch\u00e4tzte Lesezeit\" \/>\n\t<meta name=\"twitter:data1\" content=\"1\u00a0Minute\" \/>\n<script type=\"application\/ld+json\" class=\"yoast-schema-graph\">{\"@context\":\"https:\\\/\\\/schema.org\",\"@graph\":[{\"@type\":\"WebPage\",\"@id\":\"https:\\\/\\\/yuga.at\\\/izmene-na-sajtu\\\/\",\"url\":\"https:\\\/\\\/yuga.at\\\/izmene-na-sajtu\\\/\",\"name\":\"Izmene na sajtu - YUga.at\",\"isPartOf\":{\"@id\":\"https:\\\/\\\/yuga.at\\\/#website\"},\"datePublished\":\"2023-11-09T22:00:00+00:00\",\"dateModified\":\"2025-05-18T19:55:16+00:00\",\"breadcrumb\":{\"@id\":\"https:\\\/\\\/yuga.at\\\/izmene-na-sajtu\\\/#breadcrumb\"},\"inLanguage\":\"de\",\"potentialAction\":[{\"@type\":\"ReadAction\",\"target\":[\"https:\\\/\\\/yuga.at\\\/izmene-na-sajtu\\\/\"]}]},{\"@type\":\"BreadcrumbList\",\"@id\":\"https:\\\/\\\/yuga.at\\\/izmene-na-sajtu\\\/#breadcrumb\",\"itemListElement\":[{\"@type\":\"ListItem\",\"position\":1,\"name\":\"Home\",\"item\":\"https:\\\/\\\/yuga.at\\\/\"},{\"@type\":\"ListItem\",\"position\":2,\"name\":\"Izmene na sajtu\"}]},{\"@type\":\"WebSite\",\"@id\":\"https:\\\/\\\/yuga.at\\\/#website\",\"url\":\"https:\\\/\\\/yuga.at\\\/\",\"name\":\"YUga.at\",\"description\":\"exYU Portal\",\"publisher\":{\"@id\":\"https:\\\/\\\/yuga.at\\\/#organization\"},\"potentialAction\":[{\"@type\":\"SearchAction\",\"target\":{\"@type\":\"EntryPoint\",\"urlTemplate\":\"https:\\\/\\\/yuga.at\\\/?s={search_term_string}\"},\"query-input\":{\"@type\":\"PropertyValueSpecification\",\"valueRequired\":true,\"valueName\":\"search_term_string\"}}],\"inLanguage\":\"de\"},{\"@type\":\"Organization\",\"@id\":\"https:\\\/\\\/yuga.at\\\/#organization\",\"name\":\"YUga.at\",\"url\":\"https:\\\/\\\/yuga.at\\\/\",\"logo\":{\"@type\":\"ImageObject\",\"inLanguage\":\"de\",\"@id\":\"https:\\\/\\\/yuga.at\\\/#\\\/schema\\\/logo\\\/image\\\/\",\"url\":\"https:\\\/\\\/yuga.at\\\/wp-content\\\/uploads\\\/yuga-logo-black-250.png\",\"contentUrl\":\"https:\\\/\\\/yuga.at\\\/wp-content\\\/uploads\\\/yuga-logo-black-250.png\",\"width\":250,\"height\":143,\"caption\":\"YUga.at\"},\"image\":{\"@id\":\"https:\\\/\\\/yuga.at\\\/#\\\/schema\\\/logo\\\/image\\\/\"},\"sameAs\":[\"https:\\\/\\\/www.facebook.com\\\/yuga.austria\",\"https:\\\/\\\/www.instagram.com\\\/yuga.at\\\/\"]}]}<\/script>\n<!-- \/ Yoast SEO plugin. -->","yoast_head_json":{"title":"Changelog - YUga.at","robots":{"index":"index","follow":"follow","max-snippet":"max-snippet:-1","max-image-preview":"max-image-preview:large","max-video-preview":"max-video-preview:-1"},"canonical":"https:\/\/yuga.at\/de\/changelog\/","og_locale":"de_DE","og_type":"article","og_title":"Izmene na sajtu - YUga.at","og_description":"Izmene na sajtu 18.05.2025, Verzija 2.0.1 16.11.2024, Verzija 2.0.0 23.02.2024, Verzija 1.3.2 01.02.2024, Verzija 1.3.1 27.01.2024, Verzija 1.3.0 03.12.2023, Verzija 1.2.1 14.11.2023, Verzija 1.2.0...","og_url":"https:\/\/yuga.at\/de\/changelog\/","og_site_name":"YUga.at","article_publisher":"https:\/\/www.facebook.com\/yuga.austria","article_modified_time":"2025-05-18T19:55:16+00:00","twitter_card":"summary_large_image","twitter_misc":{"Gesch\u00e4tzte Lesezeit":"1\u00a0Minute"},"schema":{"@context":"https:\/\/schema.org","@graph":[{"@type":"WebPage","@id":"https:\/\/yuga.at\/izmene-na-sajtu\/","url":"https:\/\/yuga.at\/izmene-na-sajtu\/","name":"Changelog - YUga.at","isPartOf":{"@id":"https:\/\/yuga.at\/#website"},"datePublished":"2023-11-09T22:00:00+00:00","dateModified":"2025-05-18T19:55:16+00:00","breadcrumb":{"@id":"https:\/\/yuga.at\/izmene-na-sajtu\/#breadcrumb"},"inLanguage":"de","potentialAction":[{"@type":"ReadAction","target":["https:\/\/yuga.at\/izmene-na-sajtu\/"]}]},{"@type":"BreadcrumbList","@id":"https:\/\/yuga.at\/izmene-na-sajtu\/#breadcrumb","itemListElement":[{"@type":"ListItem","position":1,"name":"Home","item":"https:\/\/yuga.at\/"},{"@type":"ListItem","position":2,"name":"Izmene na sajtu"}]},{"@type":"WebSite","@id":"https:\/\/yuga.at\/#website","url":"https:\/\/yuga.at\/","name":"YUga.at","description":"exYU Portal","publisher":{"@id":"https:\/\/yuga.at\/#organization"},"potentialAction":[{"@type":"SearchAction","target":{"@type":"EntryPoint","urlTemplate":"https:\/\/yuga.at\/?s={search_term_string}"},"query-input":{"@type":"PropertyValueSpecification","valueRequired":true,"valueName":"search_term_string"}}],"inLanguage":"de"},{"@type":"Organization","@id":"https:\/\/yuga.at\/#organization","name":"YUga.at","url":"https:\/\/yuga.at\/","logo":{"@type":"ImageObject","inLanguage":"de","@id":"https:\/\/yuga.at\/#\/schema\/logo\/image\/","url":"https:\/\/yuga.at\/wp-content\/uploads\/yuga-logo-black-250.png","contentUrl":"https:\/\/yuga.at\/wp-content\/uploads\/yuga-logo-black-250.png","width":250,"height":143,"caption":"YUga.at"},"image":{"@id":"https:\/\/yuga.at\/#\/schema\/logo\/image\/"},"sameAs":["https:\/\/www.facebook.com\/yuga.austria","https:\/\/www.instagram.com\/yuga.at\/"]}]}},"taxonomy_info":[],"featured_image_src_large":false,"author_info":{"display_name":"Branko Todorovic","author_link":"https:\/\/yuga.at\/de\/author\/branko\/"},"comment_info":0,"_links":{"self":[{"href":"https:\/\/yuga.at\/de\/wp-json\/wp\/v2\/pages\/14081","targetHints":{"allow":["GET"]}}],"collection":[{"href":"https:\/\/yuga.at\/de\/wp-json\/wp\/v2\/pages"}],"about":[{"href":"https:\/\/yuga.at\/de\/wp-json\/wp\/v2\/types\/page"}],"author":[{"embeddable":true,"href":"https:\/\/yuga.at\/de\/wp-json\/wp\/v2\/users\/2"}],"replies":[{"embeddable":true,"href":"https:\/\/yuga.at\/de\/wp-json\/wp\/v2\/comments?post=14081"}],"version-history":[{"count":26,"href":"https:\/\/yuga.at\/de\/wp-json\/wp\/v2\/pages\/14081\/revisions"}],"predecessor-version":[{"id":17264,"href":"https:\/\/yuga.at\/de\/wp-json\/wp\/v2\/pages\/14081\/revisions\/17264"}],"wp:attachment":[{"href":"https:\/\/yuga.at\/de\/wp-json\/wp\/v2\/media?parent=14081"}],"curies":[{"name":"wp","href":"https:\/\/api.w.org\/{rel}","templated":true}]}}