{"id":2574,"date":"2020-08-21T17:47:49","date_gmt":"2020-08-21T15:47:49","guid":{"rendered":"http:\/\/ayustria.at\/?page_id=2574"},"modified":"2026-04-08T11:49:34","modified_gmt":"2026-04-08T09:49:34","slug":"exyu-aerzte-in-wien","status":"publish","type":"page","link":"https:\/\/yuga.at\/de\/exyu-lekari-u-becu\/","title":{"rendered":"exYU \u00c4rzte in Wien"},"content":{"rendered":"\n<div class=\"wp-block-columns alignwide is-layout-flex wp-container-core-columns-is-layout-9d6595d7 wp-block-columns-is-layout-flex\">\n<div class=\"wp-block-column is-layout-flow wp-block-column-is-layout-flow\" style=\"flex-basis:33.33%\"><div class=\"asp_w_container asp_w_container_5 asp_w_container_5_1\" data-id=\"5\" data-instance=\"1\"><div class='asp_w asp_m asp_m_5 asp_m_5_1 wpdreams_asp_sc wpdreams_asp_sc-5 ajaxsearchpro asp_main_container asp_non_compact' data-id=\"5\" data-name=\"Lekari\" data-instance=\"1\" id='ajaxsearchpro5_1'><div class=\"probox\"><div class='prosettings' style='display:none;' data-opened=0><div class='innericon'><svg xmlns=\"http:\/\/www.w3.org\/2000\/svg\" width=\"22\" height=\"22\" viewBox=\"0 0 512 512\"><polygon transform=\"rotate(90 256 256)\" points=\"142.332,104.886 197.48,50 402.5,256 197.48,462 142.332,407.113 292.727,256\"\/><\/svg><\/div><\/div><div class='proinput'><form role=\"search\" action='#' autocomplete=\"off\" aria-label=\"Search form\"><input type='search' class='orig' placeholder='Pretra\u017ei...' name='phrase' value='' aria-label=\"Search input\" autocomplete=\"off\"\/><input type='text' class='autocomplete' name='phrase' value='' aria-label=\"Search autocomplete input\" aria-hidden=\"true\" tabindex=\"-1\" autocomplete=\"off\" disabled\/><\/form><\/div><button class='promagnifier' aria-label=\"Search magnifier button\"><span class='asp_text_button hiddend'> Search <\/span><span class='innericon'><svg xmlns=\"http:\/\/www.w3.org\/2000\/svg\" width=\"22\" height=\"22\" viewBox=\"0 0 512 512\"><path d=\"M460.355 421.59l-106.51-106.512c20.04-27.553 31.884-61.437 31.884-98.037C385.73 124.935 310.792 50 218.685 50c-92.106 0-167.04 74.934-167.04 167.04 0 92.107 74.935 167.042 167.04 167.042 34.912 0 67.352-10.773 94.184-29.158L419.945 462l40.41-40.41zM100.63 217.04c0-65.095 52.96-118.055 118.056-118.055 65.098 0 118.057 52.96 118.057 118.056 0 65.097-52.96 118.057-118.057 118.057-65.096 0-118.055-52.96-118.055-118.056z\"\/><\/svg><\/span><span class=\"asp_clear\"><\/span><\/button><div class='proloading'><div class=\"asp_loader\"><div class=\"asp_loader-inner asp_line-scale\"><div><\/div><div><\/div><div><\/div><div><\/div><div><\/div><\/div><\/div><\/div><\/div><\/div><div class='asp_data_container' style=\"display:none !important;\"><div class=\"asp_init_data\" style=\"display:none !important;\" id=\"asp_init_id_5_1\" data-asp-id=\"5\" data-asp-instance=\"1\" data-settings=\"{&quot;animations&quot;:{&quot;pc&quot;:{&quot;settings&quot;:{&quot;anim&quot;:&quot;none&quot;,&quot;dur&quot;:0},&quot;results&quot;:{&quot;anim&quot;:&quot;fadedrop&quot;,&quot;dur&quot;:100},&quot;items&quot;:&quot;fadeInDown&quot;},&quot;mob&quot;:{&quot;settings&quot;:{&quot;anim&quot;:&quot;none&quot;,&quot;dur&quot;:&quot;0&quot;},&quot;results&quot;:{&quot;anim&quot;:&quot;fadedrop&quot;,&quot;dur&quot;:&quot;100&quot;},&quot;items&quot;:&quot;fadeInDown&quot;}},&quot;autocomplete&quot;:{&quot;enabled&quot;:1,&quot;trigger_charcount&quot;:0,&quot;googleOnly&quot;:0,&quot;lang&quot;:&quot;sr&quot;,&quot;mobile&quot;:1},&quot;autop&quot;:{&quot;state&quot;:&quot;phrase&quot;,&quot;phrase&quot;:&quot;&quot;,&quot;count&quot;:10},&quot;charcount&quot;:0,&quot;closeOnDocClick&quot;:0,&quot;compact&quot;:{&quot;enabled&quot;:0,&quot;focus&quot;:1,&quot;width&quot;:&quot;100%&quot;,&quot;width_tablet&quot;:&quot;480px&quot;,&quot;width_phone&quot;:&quot;320px&quot;,&quot;closeOnMagnifier&quot;:1,&quot;closeOnDocument&quot;:0,&quot;position&quot;:&quot;static&quot;,&quot;overlay&quot;:0},&quot;cptArchive&quot;:{&quot;useAjax&quot;:0,&quot;selector&quot;:&quot;#main&quot;,&quot;url&quot;:&quot;&quot;},&quot;detectVisibility&quot;:0,&quot;divi&quot;:{&quot;bodycommerce&quot;:0},&quot;focusOnPageload&quot;:0,&quot;fss_layout&quot;:&quot;flex&quot;,&quot;highlight&quot;:1,&quot;highlightWholewords&quot;:1,&quot;homeurl&quot;:&quot;https:\\\/\\\/yuga.at\\\/de\\\/&quot;,&quot;is_results_page&quot;:0,&quot;isotopic&quot;:{&quot;itemWidth&quot;:&quot;200px&quot;,&quot;itemWidthTablet&quot;:&quot;200px&quot;,&quot;itemWidthPhone&quot;:&quot;200px&quot;,&quot;itemHeight&quot;:&quot;200px&quot;,&quot;itemHeightTablet&quot;:&quot;200px&quot;,&quot;itemHeightPhone&quot;:&quot;200px&quot;,&quot;pagination&quot;:1,&quot;rows&quot;:2,&quot;gutter&quot;:5,&quot;showOverlay&quot;:1,&quot;blurOverlay&quot;:1,&quot;hideContent&quot;:1},&quot;itemscount&quot;:4,&quot;loaderLocation&quot;:&quot;auto&quot;,&quot;mobile&quot;:{&quot;trigger_on_type&quot;:1,&quot;click_action&quot;:&quot;ajax_search&quot;,&quot;return_action&quot;:&quot;ajax_search&quot;,&quot;click_action_location&quot;:&quot;same&quot;,&quot;return_action_location&quot;:&quot;same&quot;,&quot;redirect_url&quot;:&quot;?s={phrase}&quot;,&quot;elementor_url&quot;:&quot;https:\\\/\\\/yuga.at\\\/de\\\/?asp_ls={phrase}&quot;,&quot;menu_selector&quot;:&quot;#menu-toggle&quot;,&quot;hide_keyboard&quot;:1,&quot;force_res_hover&quot;:0,&quot;force_sett_hover&quot;:0,&quot;force_sett_state&quot;:&quot;none&quot;},&quot;override_method&quot;:&quot;get&quot;,&quot;overridewpdefault&quot;:1,&quot;prescontainerheight&quot;:&quot;400px&quot;,&quot;preventBodyScroll&quot;:0,&quot;preventEvents&quot;:0,&quot;rb&quot;:{&quot;action&quot;:&quot;live&quot;},&quot;resPage&quot;:{&quot;useAjax&quot;:0,&quot;selector&quot;:&quot;#main&quot;,&quot;trigger_type&quot;:1,&quot;trigger_facet&quot;:1,&quot;trigger_magnifier&quot;:0,&quot;trigger_return&quot;:0},&quot;results&quot;:{&quot;width&quot;:&quot;auto&quot;,&quot;width_tablet&quot;:&quot;auto&quot;,&quot;width_phone&quot;:&quot;auto&quot;,&quot;disableClick&quot;:false},&quot;resultsSnapTo&quot;:&quot;left&quot;,&quot;resultsposition&quot;:&quot;block&quot;,&quot;resultstype&quot;:&quot;vertical&quot;,&quot;sb&quot;:{&quot;redirect_action&quot;:&quot;ajax_search&quot;,&quot;redirect_location&quot;:&quot;same&quot;,&quot;redirect_url&quot;:&quot;?s={phrase}&quot;,&quot;elementor_url&quot;:&quot;https:\\\/\\\/yuga.at\\\/de\\\/?asp_ls={phrase}&quot;},&quot;scrollBar&quot;:{&quot;horizontal&quot;:{&quot;enabled&quot;:1}},&quot;scrollToResults&quot;:{&quot;enabled&quot;:0,&quot;offset&quot;:0},&quot;select2&quot;:{&quot;nores&quot;:&quot;Nema rezultata&quot;},&quot;settings&quot;:{&quot;unselectChildren&quot;:1,&quot;unselectParent&quot;:0,&quot;hideChildren&quot;:0},&quot;settingsHideOnRes&quot;:0,&quot;settingsimagepos&quot;:&quot;right&quot;,&quot;settingsVisible&quot;:1,&quot;show_more&quot;:{&quot;enabled&quot;:1,&quot;url&quot;:&quot;?s={phrase}&quot;,&quot;elementor_url&quot;:&quot;https:\\\/\\\/yuga.at\\\/de\\\/?asp_ls={phrase}&quot;,&quot;action&quot;:&quot;ajax&quot;,&quot;location&quot;:&quot;same&quot;,&quot;infinite&quot;:0},&quot;singleHighlight&quot;:0,&quot;taxArchive&quot;:{&quot;useAjax&quot;:0,&quot;selector&quot;:&quot;#main&quot;,&quot;url&quot;:&quot;&quot;},&quot;lightbox&quot;:{&quot;overlay&quot;:true,&quot;overlayOpacity&quot;:0.6999999999999999555910790149937383830547332763671875,&quot;overlayColor&quot;:&quot;#FFFFFF&quot;,&quot;nav&quot;:true,&quot;disableRightClick&quot;:true,&quot;close&quot;:true,&quot;animationSpeed&quot;:250,&quot;docClose&quot;:true,&quot;disableScroll&quot;:true,&quot;enableKeyboard&quot;:true},&quot;trigger&quot;:{&quot;delay&quot;:300,&quot;autocomplete_delay&quot;:310,&quot;update_href&quot;:0,&quot;facet&quot;:1,&quot;type&quot;:1,&quot;click&quot;:&quot;ajax_search&quot;,&quot;click_location&quot;:&quot;same&quot;,&quot;return&quot;:&quot;ajax_search&quot;,&quot;return_location&quot;:&quot;same&quot;,&quot;redirect_url&quot;:&quot;?s={phrase}&quot;,&quot;elementor_url&quot;:&quot;https:\\\/\\\/yuga.at\\\/de\\\/?asp_ls={phrase}&quot;,&quot;minWordLength&quot;:2,&quot;charcount_magnifier_enter&quot;:0,&quot;charcount&quot;:0},&quot;close_icon&quot;:{&quot;action&quot;:&quot;clear&quot;,&quot;close_results&quot;:true},&quot;wooShop&quot;:{&quot;useAjax&quot;:0,&quot;selector&quot;:&quot;#main&quot;,&quot;url&quot;:&quot;&quot;}}\"><\/div><div class='asp_hidden_data' style=\"display:none !important;\"><div class='asp_item_overlay'><div class='asp_item_inner'><svg xmlns=\"http:\/\/www.w3.org\/2000\/svg\" width=\"22\" height=\"22\" viewBox=\"0 0 512 512\"><path d=\"M448.225 394.243l-85.387-85.385c16.55-26.08 26.146-56.986 26.146-90.094 0-92.99-75.652-168.64-168.643-168.64-92.988 0-168.64 75.65-168.64 168.64s75.65 168.64 168.64 168.64c31.466 0 60.94-8.67 86.176-23.734l86.14 86.142c36.755 36.754 92.355-18.783 55.57-55.57zm-344.233-175.48c0-64.155 52.192-116.35 116.35-116.35s116.353 52.194 116.353 116.35S284.5 335.117 220.342 335.117s-116.35-52.196-116.35-116.352zm34.463-30.26c34.057-78.9 148.668-69.75 170.248 12.863-43.482-51.037-119.984-56.532-170.248-12.862z\"\/><\/svg><\/div><\/div><\/div><\/div><div id='__original__ajaxsearchprores5_1' class='asp_w asp_r asp_r_5 asp_r_5_1 vertical ajaxsearchpro wpdreams_asp_sc wpdreams_asp_sc-5' data-id=\"5\" data-instance=\"1\"><div class=\"results\"><div class=\"resdrg\"><\/div><\/div><div class=\"asp_showmore_container\"><p class='showmore'><a class='asp_showmore' role=\"button\" href=\"https:\/\/yuga.at\">Vi\u0161e rezultata&#8230; <span><\/span><\/a><\/p><div class=\"asp_moreres_loader\" style=\"display: none;\"><div class=\"asp_moreres_loader-inner\"><\/div><\/div><\/div><div class=\"asp_res_loader hiddend\"><div class=\"asp_loader\"><div class=\"asp_loader-inner asp_line-scale\"><div><\/div><div><\/div><div><\/div><div><\/div><div><\/div><\/div><\/div><\/div><\/div><div id='__original__ajaxsearchprobsettings5_1' class=\"asp_w asp_ss asp_ss_5 asp_sb asp_sb_5 asp_sb_5_1 asp_sb wpdreams_asp_sc wpdreams_asp_sc-5 ajaxsearchpro searchsettings\" data-id=\"5\" data-instance=\"1\"><form name='options' class=\"asp-fss-flex\" aria-label=\"Search settings form\" autocomplete = 'off'><input type=\"hidden\" name=\"current_page_id\" value=\"2574\"><input type='hidden' name='qtranslate_lang' value='0'\/><input type=\"hidden\" name=\"filters_changed\" value=\"0\"><input type=\"hidden\" name=\"filters_initial\" value=\"1\"><input type=\"hidden\" name=\"device\" value=\"1\"><fieldset data-asp_invalid_msg=\"This field is required!\" class=\"asp_custom_f asp_filter_cf_lekari-plz asp_filter_id_1 asp_filter_n_0\"><legend>Bezirk (Op\u0161tina)<\/legend><div class='lekari-plz_filter_box'><div class=\"asp_select_label asp_select_multiple\"><select class=\"asp_gochosen asp_goselect2\" multiple aria-label=\"Bezirk (Op\u0161tina)\" data-placeholder=\"Izaberi...\" name=\"aspf[lekari-plz__1][]\" ><option value=\"\" >Svi<\/option><option value=\"1010\" >1010<\/option><option value=\"1020\" >1020<\/option><option value=\"1030\" >1030<\/option><option value=\"1040\" >1040<\/option><option value=\"1050\" >1050<\/option><option value=\"1060\" >1060<\/option><option value=\"1070\" >1070<\/option><option value=\"1080\" >1080<\/option><option value=\"1090\" >1090<\/option><option value=\"1100\" >1100<\/option><option value=\"1110\" >1110<\/option><option value=\"1120\" >1120<\/option><option value=\"1122\" >1122<\/option><option value=\"1130\" >1130<\/option><option value=\"1150\" >1150<\/option><option value=\"1160\" >1160<\/option><option value=\"1170\" >1170<\/option><option value=\"1180\" >1180<\/option><option value=\"1190\" >1190<\/option><option value=\"1200\" >1200<\/option><option value=\"1210\" >1210<\/option><option value=\"1220\" >1220<\/option><option value=\"1230\" >1230<\/option><option value=\"2301\" >2301<\/option><\/select><\/div><\/div><\/fieldset><fieldset data-asp_invalid_msg=\"This field is required!\" class=\"asp_custom_f asp_filter_cf_lekari-zanimanje asp_filter_id_2 asp_filter_n_1\"><legend>U\u017ea specijalnost<\/legend><div class='lekari-zanimanje_filter_box'><div class=\"asp_select_label asp_select_multiple\"><select class=\"asp_gochosen asp_goselect2\" multiple aria-label=\"U\u017ea specijalnost\" data-placeholder=\"Izaberi...\" name=\"aspf[lekari-zanimanje__2][]\" ><option value=\"\" >Svi<\/option><option value=\"Alergolog\" >Alergolog<\/option><option value=\"Dermatolog\" >Dermatolog<\/option><option value=\"De\u010diji lekar - pedijatar\" >De\u010diji lekar &#8211; pedijatar<\/option><option value=\"Estetska medicina\" >Estetska medicina<\/option><option value=\"Fizioterapeut\" >Fizioterapeut<\/option><option value=\"Ginekolog\" >Ginekolog<\/option><option value=\"Hirurg\" >Hirurg<\/option><option value=\"Internista\" >Internista<\/option><option value=\"Kadiolog\" >Kadiolog<\/option><option value=\"Laboratorija\" >Laboratorija<\/option><option value=\"Lekar op\u0161te prakse\" >Lekar op\u0161te prakse<\/option><option value=\"Lekar specijalista\" >Lekar specijalista<\/option><option value=\"Maksilofacijalni hirurg\" >Maksilofacijalni hirurg<\/option><option value=\"Neurolog\" >Neurolog<\/option><option value=\"Nutricionista\" >Nutricionista<\/option><option value=\"Oftamolog (o\u010dni lekar)\" >Oftamolog (o\u010dni lekar)<\/option><option value=\"Ortoped\" >Ortoped<\/option><option value=\"Psihijatar\" >Psihijatar<\/option><option value=\"Psihoterapeut\" >Psihoterapeut<\/option><option value=\"Pulmolog\" >Pulmolog<\/option><option value=\"Reumatolog\" >Reumatolog<\/option><option value=\"Stomatolog\" >Stomatolog<\/option><option value=\"Uho, grlo, nos\" >Uho, grlo, nos<\/option><option value=\"Urolog\" >Urolog<\/option><\/select><\/div><\/div><\/fieldset><fieldset data-asp_invalid_msg=\"This field is required!\" class=\"asp_custom_f asp_filter_cf_lekari-kasa asp_filter_id_3 asp_filter_n_2\"><legend>Kasa<\/legend><div class='lekari-kasa_filter_box'><div class=\"asp_select_label asp_select_multiple\"><select class=\"asp_gochosen asp_goselect2\" multiple aria-label=\"Kasa\" data-placeholder=\"Izaberi...\" name=\"aspf[lekari-kasa__3][]\" ><option value=\"\" >Svi<\/option><option value=\"Dr\u017eavna\" >Dr\u017eavna<\/option><option value=\"KFA\" >KFA<\/option><option value=\"Privatna\" >Privatna<\/option><option value=\"SVS\" >SVS<\/option><option value=\"Wahlarzt\" >Wahlarzt<\/option><\/select><\/div><\/div><\/fieldset><fieldset class=\"asp_s_btn_container\"><div class=\"asp_sr_btn_flex\"><div class=\"asp_r_btn_div\"><button type=\"button\" class=\"asp_reset_btn asp_r_btn\">Resetuj filtere<\/button><\/div><\/div><\/fieldset><div style=\"clear:both;\"><\/div><\/form><\/div><\/div>\n\n<div id='wpdreams_asp_settings_5'><\/div><\/div>\n\n\n\n<div class=\"wp-block-column is-layout-flow wp-block-column-is-layout-flow\" style=\"flex-basis:66.66%\"><div id='wpdreams_asp_results_5'><\/div><\/div>\n<\/div>\n\n\n\n<div class=\"wp-block-columns alignwide are-vertically-aligned-center is-layout-flex wp-container-core-columns-is-layout-9d6595d7 wp-block-columns-is-layout-flex\">\n<div class=\"wp-block-column is-vertically-aligned-center is-layout-flow wp-block-column-is-layout-flow\" style=\"flex-basis:33.34%\"><div class=\"copyright-image-large\" style=\"position: relative\">\n<figure class=\"wp-block-image size-large is-resized is-style-rounded\"><a href=\"https:\/\/yuga.at\/wp-content\/uploads\/lekari_page.jpg\"><img loading=\"lazy\" decoding=\"async\" width=\"640\" height=\"959\" src=\"https:\/\/yuga.at\/wp-content\/uploads\/lekari_page.jpg\" alt=\"pulmolog bec\" class=\"wp-image-2670\" style=\"width:334px;height:507px\" srcset=\"https:\/\/yuga.at\/wp-content\/uploads\/lekari_page.jpg 640w, https:\/\/yuga.at\/wp-content\/uploads\/lekari_page-320x480.jpg 320w, https:\/\/yuga.at\/wp-content\/uploads\/lekari_page-33x50.jpg 33w\" sizes=\"auto, (max-width: 640px) 100vw, 640px\" \/><\/a><\/figure>\n<div class=\"featured-image-copyright\"><\/div><\/div><\/div>\n\n\n\n<div class=\"wp-block-column is-vertically-aligned-center is-layout-flow wp-block-column-is-layout-flow\" style=\"flex-basis:66.66%\">\n<p>Prema podacima lekarske komore u Be\u010du radi oko 6300 lekara specijalista, lekara op\u0161te prakse i stomatologa. Veliki broj njih su na\u0161i lekari, koji ili dolaze sa prostora biv\u0161e Jugoslavije ili vode poreklo odande, pa samim tim i govore nama razumljivim jezikom.<\/p>\n\n\n\n<p>Svakako da je lak\u0161e i jednostavnije svoj zdravstveni problem ispri\u010dati nekome ko govori istim jezikom kao i vi. Stoga na\u0161i ljudi tra\u017ee i nalaze takve lekare u Be\u010du.<\/p>\n\n\n\n<p>Ovo su na\u0161i lekari u Be\u010du: op\u0161te prakse, raznih specijalnosti kao i stomatolozi. <\/p>\n\n\n\n<p>Ako vam je potreban ginekolog, pulmolog ili urolog, prona\u0107i \u0107ete ga me\u0111u na\u0161im servisima.<\/p>\n\n\n\n<p>Ukoliko vas zanima pedijatar (de\u010dji lekar), internista ili ortoped koji govori na\u0161 jezik, koristite pretragu.  <\/p>\n\n\n\n<p>Pretragu vr\u0161ite tako \u0161to prvo izaberete oblast medicine, zatim be\u010dku op\u0161tinu u kojoj tra\u017eite odre\u0111enog lekara, i na kraju dr\u017eavnog ili privatnog lekara.<br><br>Ne snosimo odgovornost ukoliko podaci odre\u0111enog lekara nisu ta\u010dni, premda se trudimo da se svaka promena uredno a\u017eurira.<\/p>\n<\/div>\n<\/div>\n","protected":false},"excerpt":{"rendered":"<p>Prema podacima lekarske komore u Be\u010du radi oko 6300 lekara specijalista, lekara op\u0161te prakse i stomatologa. Veliki broj njih su na\u0161i lekari, koji ili&#8230;<\/p>","protected":false},"author":3,"featured_media":3699,"parent":0,"menu_order":0,"comment_status":"closed","ping_status":"closed","template":"","meta":{"_acf_changed":false,"_kad_blocks_custom_css":"","_kad_blocks_head_custom_js":"","_kad_blocks_body_custom_js":"","_kad_blocks_footer_custom_js":"","footnotes":""},"class_list":["post-2574","page","type-page","status-publish","has-post-thumbnail","hentry","entry"],"acf":[],"yoast_head":"<!-- This site is optimized with the Yoast SEO plugin v27.3 - https:\/\/yoast.com\/product\/yoast-seo-wordpress\/ -->\n<title>exYU lekari u Be\u010du - YUga.at<\/title>\n<meta name=\"description\" content=\"Svi na\u0161i lekari u Be\u010du: op\u0161te prakse, specijalisti kao i stomatolozi, koji \u017eve i rade u Be\u010du i svoje usluge nude na maternjem jeziku.\" \/>\n<meta name=\"robots\" content=\"index, follow, max-snippet:-1, max-image-preview:large, max-video-preview:-1\" \/>\n<link rel=\"canonical\" href=\"https:\/\/yuga.at\/de\/exyu-aerzte-in-wien\/\" \/>\n<meta property=\"og:locale\" content=\"de_DE\" \/>\n<meta property=\"og:type\" content=\"article\" \/>\n<meta property=\"og:title\" content=\"exYU lekari u Be\u010du - YUga.at\" \/>\n<meta property=\"og:description\" content=\"Svi na\u0161i lekari u Be\u010du: op\u0161te prakse, specijalisti kao i stomatolozi, koji \u017eve i rade u Be\u010du i svoje usluge nude na maternjem jeziku.\" \/>\n<meta property=\"og:url\" content=\"https:\/\/yuga.at\/de\/exyu-aerzte-in-wien\/\" \/>\n<meta property=\"og:site_name\" content=\"YUga.at\" \/>\n<meta property=\"article:publisher\" content=\"https:\/\/www.facebook.com\/yuga.austria\" \/>\n<meta property=\"article:modified_time\" content=\"2026-04-08T09:49:34+00:00\" \/>\n<meta property=\"og:image\" content=\"https:\/\/yuga.at\/wp-content\/uploads\/doktori.png\" \/>\n\t<meta property=\"og:image:width\" content=\"256\" \/>\n\t<meta property=\"og:image:height\" content=\"256\" \/>\n\t<meta property=\"og:image:type\" content=\"image\/png\" \/>\n<meta name=\"twitter:card\" content=\"summary_large_image\" \/>\n<meta name=\"twitter:label1\" content=\"Gesch\u00e4tzte Lesezeit\" \/>\n\t<meta name=\"twitter:data1\" content=\"2\u00a0Minuten\" \/>\n<script type=\"application\/ld+json\" class=\"yoast-schema-graph\">{\"@context\":\"https:\\\/\\\/schema.org\",\"@graph\":[{\"@type\":\"WebPage\",\"@id\":\"https:\\\/\\\/yuga.at\\\/exyu-lekari-u-becu\\\/\",\"url\":\"https:\\\/\\\/yuga.at\\\/exyu-lekari-u-becu\\\/\",\"name\":\"exYU lekari u Be\u010du - YUga.at\",\"isPartOf\":{\"@id\":\"https:\\\/\\\/yuga.at\\\/#website\"},\"primaryImageOfPage\":{\"@id\":\"https:\\\/\\\/yuga.at\\\/exyu-lekari-u-becu\\\/#primaryimage\"},\"image\":{\"@id\":\"https:\\\/\\\/yuga.at\\\/exyu-lekari-u-becu\\\/#primaryimage\"},\"thumbnailUrl\":\"https:\\\/\\\/yuga.at\\\/wp-content\\\/uploads\\\/doktori.png\",\"datePublished\":\"2020-08-21T15:47:49+00:00\",\"dateModified\":\"2026-04-08T09:49:34+00:00\",\"description\":\"Svi na\u0161i lekari u Be\u010du: op\u0161te prakse, specijalisti kao i stomatolozi, koji \u017eve i rade u Be\u010du i svoje usluge nude na maternjem jeziku.\",\"breadcrumb\":{\"@id\":\"https:\\\/\\\/yuga.at\\\/exyu-lekari-u-becu\\\/#breadcrumb\"},\"inLanguage\":\"de\",\"potentialAction\":[{\"@type\":\"ReadAction\",\"target\":[\"https:\\\/\\\/yuga.at\\\/exyu-lekari-u-becu\\\/\"]}]},{\"@type\":\"ImageObject\",\"inLanguage\":\"de\",\"@id\":\"https:\\\/\\\/yuga.at\\\/exyu-lekari-u-becu\\\/#primaryimage\",\"url\":\"https:\\\/\\\/yuga.at\\\/wp-content\\\/uploads\\\/doktori.png\",\"contentUrl\":\"https:\\\/\\\/yuga.at\\\/wp-content\\\/uploads\\\/doktori.png\",\"width\":256,\"height\":256,\"caption\":\"doktori\"},{\"@type\":\"BreadcrumbList\",\"@id\":\"https:\\\/\\\/yuga.at\\\/exyu-lekari-u-becu\\\/#breadcrumb\",\"itemListElement\":[{\"@type\":\"ListItem\",\"position\":1,\"name\":\"Home\",\"item\":\"https:\\\/\\\/yuga.at\\\/\"},{\"@type\":\"ListItem\",\"position\":2,\"name\":\"exYU lekari u Be\u010du\"}]},{\"@type\":\"WebSite\",\"@id\":\"https:\\\/\\\/yuga.at\\\/#website\",\"url\":\"https:\\\/\\\/yuga.at\\\/\",\"name\":\"YUga.at\",\"description\":\"exYU Portal\",\"publisher\":{\"@id\":\"https:\\\/\\\/yuga.at\\\/#organization\"},\"potentialAction\":[{\"@type\":\"SearchAction\",\"target\":{\"@type\":\"EntryPoint\",\"urlTemplate\":\"https:\\\/\\\/yuga.at\\\/?s={search_term_string}\"},\"query-input\":{\"@type\":\"PropertyValueSpecification\",\"valueRequired\":true,\"valueName\":\"search_term_string\"}}],\"inLanguage\":\"de\"},{\"@type\":\"Organization\",\"@id\":\"https:\\\/\\\/yuga.at\\\/#organization\",\"name\":\"YUga.at\",\"url\":\"https:\\\/\\\/yuga.at\\\/\",\"logo\":{\"@type\":\"ImageObject\",\"inLanguage\":\"de\",\"@id\":\"https:\\\/\\\/yuga.at\\\/#\\\/schema\\\/logo\\\/image\\\/\",\"url\":\"https:\\\/\\\/yuga.at\\\/wp-content\\\/uploads\\\/yuga-logo-black-250.png\",\"contentUrl\":\"https:\\\/\\\/yuga.at\\\/wp-content\\\/uploads\\\/yuga-logo-black-250.png\",\"width\":250,\"height\":143,\"caption\":\"YUga.at\"},\"image\":{\"@id\":\"https:\\\/\\\/yuga.at\\\/#\\\/schema\\\/logo\\\/image\\\/\"},\"sameAs\":[\"https:\\\/\\\/www.facebook.com\\\/yuga.austria\",\"https:\\\/\\\/www.instagram.com\\\/yuga.at\\\/\"]}]}<\/script>\n<!-- \/ Yoast SEO plugin. -->","yoast_head_json":{"title":"exYU-\u00c4rzte in Wien - YUga.at","description":"Svi na\u0161i lekari u Be\u010du: op\u0161te prakse, specijalisti kao i stomatolozi, koji \u017eve i rade u Be\u010du i svoje usluge nude na maternjem jeziku.","robots":{"index":"index","follow":"follow","max-snippet":"max-snippet:-1","max-image-preview":"max-image-preview:large","max-video-preview":"max-video-preview:-1"},"canonical":"https:\/\/yuga.at\/de\/exyu-aerzte-in-wien\/","og_locale":"de_DE","og_type":"article","og_title":"exYU lekari u Be\u010du - YUga.at","og_description":"Svi na\u0161i lekari u Be\u010du: op\u0161te prakse, specijalisti kao i stomatolozi, koji \u017eve i rade u Be\u010du i svoje usluge nude na maternjem jeziku.","og_url":"https:\/\/yuga.at\/de\/exyu-aerzte-in-wien\/","og_site_name":"YUga.at","article_publisher":"https:\/\/www.facebook.com\/yuga.austria","article_modified_time":"2026-04-08T09:49:34+00:00","og_image":[{"width":256,"height":256,"url":"https:\/\/yuga.at\/wp-content\/uploads\/doktori.png","type":"image\/png"}],"twitter_card":"summary_large_image","twitter_misc":{"Gesch\u00e4tzte Lesezeit":"2\u00a0Minuten"},"schema":{"@context":"https:\/\/schema.org","@graph":[{"@type":"WebPage","@id":"https:\/\/yuga.at\/exyu-lekari-u-becu\/","url":"https:\/\/yuga.at\/exyu-lekari-u-becu\/","name":"exYU-\u00c4rzte in Wien - YUga.at","isPartOf":{"@id":"https:\/\/yuga.at\/#website"},"primaryImageOfPage":{"@id":"https:\/\/yuga.at\/exyu-lekari-u-becu\/#primaryimage"},"image":{"@id":"https:\/\/yuga.at\/exyu-lekari-u-becu\/#primaryimage"},"thumbnailUrl":"https:\/\/yuga.at\/wp-content\/uploads\/doktori.png","datePublished":"2020-08-21T15:47:49+00:00","dateModified":"2026-04-08T09:49:34+00:00","description":"Svi na\u0161i lekari u Be\u010du: op\u0161te prakse, specijalisti kao i stomatolozi, koji \u017eve i rade u Be\u010du i svoje usluge nude na maternjem jeziku.","breadcrumb":{"@id":"https:\/\/yuga.at\/exyu-lekari-u-becu\/#breadcrumb"},"inLanguage":"de","potentialAction":[{"@type":"ReadAction","target":["https:\/\/yuga.at\/exyu-lekari-u-becu\/"]}]},{"@type":"ImageObject","inLanguage":"de","@id":"https:\/\/yuga.at\/exyu-lekari-u-becu\/#primaryimage","url":"https:\/\/yuga.at\/wp-content\/uploads\/doktori.png","contentUrl":"https:\/\/yuga.at\/wp-content\/uploads\/doktori.png","width":256,"height":256,"caption":"doktori"},{"@type":"BreadcrumbList","@id":"https:\/\/yuga.at\/exyu-lekari-u-becu\/#breadcrumb","itemListElement":[{"@type":"ListItem","position":1,"name":"Home","item":"https:\/\/yuga.at\/"},{"@type":"ListItem","position":2,"name":"exYU lekari u Be\u010du"}]},{"@type":"WebSite","@id":"https:\/\/yuga.at\/#website","url":"https:\/\/yuga.at\/","name":"YUga.at","description":"exYU Portal","publisher":{"@id":"https:\/\/yuga.at\/#organization"},"potentialAction":[{"@type":"SearchAction","target":{"@type":"EntryPoint","urlTemplate":"https:\/\/yuga.at\/?s={search_term_string}"},"query-input":{"@type":"PropertyValueSpecification","valueRequired":true,"valueName":"search_term_string"}}],"inLanguage":"de"},{"@type":"Organization","@id":"https:\/\/yuga.at\/#organization","name":"YUga.at","url":"https:\/\/yuga.at\/","logo":{"@type":"ImageObject","inLanguage":"de","@id":"https:\/\/yuga.at\/#\/schema\/logo\/image\/","url":"https:\/\/yuga.at\/wp-content\/uploads\/yuga-logo-black-250.png","contentUrl":"https:\/\/yuga.at\/wp-content\/uploads\/yuga-logo-black-250.png","width":250,"height":143,"caption":"YUga.at"},"image":{"@id":"https:\/\/yuga.at\/#\/schema\/logo\/image\/"},"sameAs":["https:\/\/www.facebook.com\/yuga.austria","https:\/\/www.instagram.com\/yuga.at\/"]}]}},"taxonomy_info":[],"featured_image_src_large":["https:\/\/yuga.at\/wp-content\/uploads\/doktori.png",256,256,false],"author_info":{"display_name":"Srdjan","author_link":"https:\/\/yuga.at\/de\/author\/srdjan\/"},"comment_info":0,"_links":{"self":[{"href":"https:\/\/yuga.at\/de\/wp-json\/wp\/v2\/pages\/2574","targetHints":{"allow":["GET"]}}],"collection":[{"href":"https:\/\/yuga.at\/de\/wp-json\/wp\/v2\/pages"}],"about":[{"href":"https:\/\/yuga.at\/de\/wp-json\/wp\/v2\/types\/page"}],"author":[{"embeddable":true,"href":"https:\/\/yuga.at\/de\/wp-json\/wp\/v2\/users\/3"}],"replies":[{"embeddable":true,"href":"https:\/\/yuga.at\/de\/wp-json\/wp\/v2\/comments?post=2574"}],"version-history":[{"count":41,"href":"https:\/\/yuga.at\/de\/wp-json\/wp\/v2\/pages\/2574\/revisions"}],"predecessor-version":[{"id":18823,"href":"https:\/\/yuga.at\/de\/wp-json\/wp\/v2\/pages\/2574\/revisions\/18823"}],"wp:featuredmedia":[{"embeddable":true,"href":"https:\/\/yuga.at\/de\/wp-json\/wp\/v2\/media\/3699"}],"wp:attachment":[{"href":"https:\/\/yuga.at\/de\/wp-json\/wp\/v2\/media?parent=2574"}],"curies":[{"name":"wp","href":"https:\/\/api.w.org\/{rel}","templated":true}]}}