{"id":3573,"date":"2020-10-08T08:28:48","date_gmt":"2020-10-08T06:28:48","guid":{"rendered":"https:\/\/ayustria.at\/?page_id=3573"},"modified":"2025-04-24T19:03:23","modified_gmt":"2025-04-24T17:03:23","slug":"barrierefreiheitserklarung","status":"publish","type":"page","link":"https:\/\/yuga.at\/de\/barrierefreiheitserklarung\/","title":{"rendered":"Barrierefreiheitserkl\u00e4rung"},"content":{"rendered":"<h2 class=\"wp-block-heading\">Erkl\u00e4rung zur Barrierefreiheit<\/h2>\n\n\n\n<p>Wir (Verein: Kultur-Integration-Netzwerk-KIN) als Websitebetreiber sind bem\u00fcht, die Website in Einklang mit den einschl\u00e4gigen Vorschriften zur Barrierefreiheit zu gestalten. F\u00fcr uns gelten folgende Rechtsvorschriften:<\/p>\n\n\n\n<p><a href=\"https:\/\/eur-lex.europa.eu\/legal-content\/DE\/TXT\/?uri=CELEX%3A32018D1523\" target=\"_blank\" rel=\"noreferrer noopener\"><mark style=\"background-color:rgba(0, 0, 0, 0)\" class=\"has-inline-color has-vivid-red-color\">Durchf\u00fchrungsbeschluss (EU) 2018\/1523 der Europ\u00e4ischen Kommission<\/mark><\/a><\/p>\n\n\n\n<h2 class=\"wp-block-heading\">Website<\/h2>\n\n\n\n<p>Diese Erkl\u00e4rung zur Barrierefreiheit gilt f\u00fcr die Website https:\/\/yuga.at.<\/p>\n\n\n\n<h2 class=\"wp-block-heading\">Feedback und Kontaktangaben<\/h2>\n\n\n\n<p>Sind Ihnen M\u00e4ngel beim barrierefreien Zugang zu Inhalten auf unserer Website aufgefallen oder haben Sie Anmerkungen sowie Fragen zum barrierefreien Zugang? Melden Sie sich gerne bei uns unter:<br>E-Mail: <a href=\"mailto:admin@yuga.at\"><mark style=\"background-color:rgba(0, 0, 0, 0)\" class=\"has-inline-color has-vivid-red-color\">admin@yuga.at<\/mark><\/a><br>Webseite: <a href=\"https:\/\/yuga.at\/de\/kontakt\/\"><mark style=\"background-color:rgba(0, 0, 0, 0)\" class=\"has-inline-color has-vivid-red-color\">https:\/\/www.yuga.at\/<\/mark><\/a><\/p>\n\n\n\n<h2 class=\"wp-block-heading\">Stand der Vereinbarkeit mit den Anforderungen<\/h2>\n\n\n\n<p>Diese Website ist teilweise mit den f\u00fcr uns geltenden Vorschriften zur Barrierefreiheit vereinbar.<\/p>\n\n\n\n<h2 class=\"wp-block-heading\">Unverh\u00e4ltnism\u00e4\u00dfige Belastung<\/h2>\n\n\n\n<p>Folgende Inhalte werden nicht barrierefrei zur Verf\u00fcgung gestellt, weil dies f\u00fcr uns zu einer unverh\u00e4ltnism\u00e4\u00dfigen Belastung f\u00fchren w\u00fcrde:<br>YUga.at arbeitet intensiv daran, ihre Webseite den Bed\u00fcrfnissen aller Nutzer anzupassen. Wir bem\u00fchen uns kontinuierlich, die Zug\u00e4nglichkeit und Benutzerfreundlichkeit unserer Webseite oder der mobilen Anwendung zu verbessern, denn wir wollen allen Benutzern die bestm\u00f6gliche Benutzererfahrung bieten.<\/p>\n\n\n\n<p>Bei nicht zufriedenstellenden Antworten aus oben genannter Kontaktm\u00f6glichkeit k\u00f6nnen Sie sich mittels Beschwerde an die \u00d6sterreichische Forschungsf\u00f6rderungsgesellschaft mbH (FFG) wenden. Die FFG nimmt \u00fcber das Kontaktformular Beschwerden auf elektronischem Weg entgegen.<\/p>\n\n\n\n<p><a href=\"https:\/\/www.ffg.at\/form\/kontaktformular-beschwerdestelle\" target=\"_blank\" rel=\"noreferrer noopener\"><mark style=\"background-color:rgba(0, 0, 0, 0)\" class=\"has-inline-color has-vivid-red-color\">Kontaktformular der Beschwerdestelle<\/mark><\/a><\/p>","protected":false},"excerpt":{"rendered":"<p>Erkl\u00e4rung zur Barrierefreiheit Wir (Verein: Kultur-Integration-Netzwerk-KIN) als Websitebetreiber sind bem\u00fcht, die Website in Einklang mit den einschl\u00e4gigen Vorschriften zur Barrierefreiheit zu gestalten. F\u00fcr uns&#8230;<\/p>","protected":false},"author":3,"featured_media":0,"parent":0,"menu_order":0,"comment_status":"closed","ping_status":"closed","template":"","meta":{"_acf_changed":false,"_kad_blocks_custom_css":"","_kad_blocks_head_custom_js":"","_kad_blocks_body_custom_js":"","_kad_blocks_footer_custom_js":"","footnotes":""},"class_list":["post-3573","page","type-page","status-publish","hentry","entry","post-no-thumbnail"],"acf":[],"yoast_head":"<!-- This site is optimized with the Yoast SEO plugin v27.3 - https:\/\/yoast.com\/product\/yoast-seo-wordpress\/ -->\n<title>Barrierefreiheitserkl\u00e4rung - YUga.at<\/title>\n<meta name=\"description\" content=\"Wir (YUga.at) als Websitebetreiber sind bem\u00fcht, die Website in Einklang mit den einschl\u00e4gigen Vorschriften zur Barrierefreiheit zu gestalten.\" \/>\n<meta name=\"robots\" content=\"index, follow, max-snippet:-1, max-image-preview:large, max-video-preview:-1\" \/>\n<link rel=\"canonical\" href=\"https:\/\/yuga.at\/de\/barrierefreiheitserklarung\/\" \/>\n<meta property=\"og:locale\" content=\"de_DE\" \/>\n<meta property=\"og:type\" content=\"article\" \/>\n<meta property=\"og:title\" content=\"Barrierefreiheitserkl\u00e4rung - YUga.at\" \/>\n<meta property=\"og:description\" content=\"Wir (YUga.at) als Websitebetreiber sind bem\u00fcht, die Website in Einklang mit den einschl\u00e4gigen Vorschriften zur Barrierefreiheit zu gestalten.\" \/>\n<meta property=\"og:url\" content=\"https:\/\/yuga.at\/de\/barrierefreiheitserklarung\/\" \/>\n<meta property=\"og:site_name\" content=\"YUga.at\" \/>\n<meta property=\"article:publisher\" content=\"https:\/\/www.facebook.com\/yuga.austria\" \/>\n<meta property=\"article:modified_time\" content=\"2025-04-24T17:03:23+00:00\" \/>\n<meta name=\"twitter:card\" content=\"summary_large_image\" \/>\n<meta name=\"twitter:label1\" content=\"Gesch\u00e4tzte Lesezeit\" \/>\n\t<meta name=\"twitter:data1\" content=\"1\u00a0Minute\" \/>\n<script type=\"application\/ld+json\" class=\"yoast-schema-graph\">{\"@context\":\"https:\\\/\\\/schema.org\",\"@graph\":[{\"@type\":\"WebPage\",\"@id\":\"https:\\\/\\\/yuga.at\\\/barrierefreiheitserklarung\\\/\",\"url\":\"https:\\\/\\\/yuga.at\\\/barrierefreiheitserklarung\\\/\",\"name\":\"Barrierefreiheitserkl\u00e4rung - YUga.at\",\"isPartOf\":{\"@id\":\"https:\\\/\\\/yuga.at\\\/#website\"},\"datePublished\":\"2020-10-08T06:28:48+00:00\",\"dateModified\":\"2025-04-24T17:03:23+00:00\",\"description\":\"Wir (YUga.at) als Websitebetreiber sind bem\u00fcht, die Website in Einklang mit den einschl\u00e4gigen Vorschriften zur Barrierefreiheit zu gestalten.\",\"breadcrumb\":{\"@id\":\"https:\\\/\\\/yuga.at\\\/barrierefreiheitserklarung\\\/#breadcrumb\"},\"inLanguage\":\"de\",\"potentialAction\":[{\"@type\":\"ReadAction\",\"target\":[\"https:\\\/\\\/yuga.at\\\/barrierefreiheitserklarung\\\/\"]}]},{\"@type\":\"BreadcrumbList\",\"@id\":\"https:\\\/\\\/yuga.at\\\/barrierefreiheitserklarung\\\/#breadcrumb\",\"itemListElement\":[{\"@type\":\"ListItem\",\"position\":1,\"name\":\"Home\",\"item\":\"https:\\\/\\\/yuga.at\\\/\"},{\"@type\":\"ListItem\",\"position\":2,\"name\":\"Barrierefreiheitserkl\u00e4rung\"}]},{\"@type\":\"WebSite\",\"@id\":\"https:\\\/\\\/yuga.at\\\/#website\",\"url\":\"https:\\\/\\\/yuga.at\\\/\",\"name\":\"YUga.at\",\"description\":\"exYU Portal\",\"publisher\":{\"@id\":\"https:\\\/\\\/yuga.at\\\/#organization\"},\"potentialAction\":[{\"@type\":\"SearchAction\",\"target\":{\"@type\":\"EntryPoint\",\"urlTemplate\":\"https:\\\/\\\/yuga.at\\\/?s={search_term_string}\"},\"query-input\":{\"@type\":\"PropertyValueSpecification\",\"valueRequired\":true,\"valueName\":\"search_term_string\"}}],\"inLanguage\":\"de\"},{\"@type\":\"Organization\",\"@id\":\"https:\\\/\\\/yuga.at\\\/#organization\",\"name\":\"YUga.at\",\"url\":\"https:\\\/\\\/yuga.at\\\/\",\"logo\":{\"@type\":\"ImageObject\",\"inLanguage\":\"de\",\"@id\":\"https:\\\/\\\/yuga.at\\\/#\\\/schema\\\/logo\\\/image\\\/\",\"url\":\"https:\\\/\\\/yuga.at\\\/wp-content\\\/uploads\\\/yuga-logo-black-250.png\",\"contentUrl\":\"https:\\\/\\\/yuga.at\\\/wp-content\\\/uploads\\\/yuga-logo-black-250.png\",\"width\":250,\"height\":143,\"caption\":\"YUga.at\"},\"image\":{\"@id\":\"https:\\\/\\\/yuga.at\\\/#\\\/schema\\\/logo\\\/image\\\/\"},\"sameAs\":[\"https:\\\/\\\/www.facebook.com\\\/yuga.austria\",\"https:\\\/\\\/www.instagram.com\\\/yuga.at\\\/\"]}]}<\/script>\n<!-- \/ Yoast SEO plugin. -->","yoast_head_json":{"title":"Barrierefreiheitserkl\u00e4rung - YUga.at","description":"Wir (YUga.at) als Websitebetreiber sind bem\u00fcht, die Website in Einklang mit den einschl\u00e4gigen Vorschriften zur Barrierefreiheit zu gestalten.","robots":{"index":"index","follow":"follow","max-snippet":"max-snippet:-1","max-image-preview":"max-image-preview:large","max-video-preview":"max-video-preview:-1"},"canonical":"https:\/\/yuga.at\/de\/barrierefreiheitserklarung\/","og_locale":"de_DE","og_type":"article","og_title":"Barrierefreiheitserkl\u00e4rung - YUga.at","og_description":"Wir (YUga.at) als Websitebetreiber sind bem\u00fcht, die Website in Einklang mit den einschl\u00e4gigen Vorschriften zur Barrierefreiheit zu gestalten.","og_url":"https:\/\/yuga.at\/de\/barrierefreiheitserklarung\/","og_site_name":"YUga.at","article_publisher":"https:\/\/www.facebook.com\/yuga.austria","article_modified_time":"2025-04-24T17:03:23+00:00","twitter_card":"summary_large_image","twitter_misc":{"Gesch\u00e4tzte Lesezeit":"1\u00a0Minute"},"schema":{"@context":"https:\/\/schema.org","@graph":[{"@type":"WebPage","@id":"https:\/\/yuga.at\/barrierefreiheitserklarung\/","url":"https:\/\/yuga.at\/barrierefreiheitserklarung\/","name":"Barrierefreiheitserkl\u00e4rung - YUga.at","isPartOf":{"@id":"https:\/\/yuga.at\/#website"},"datePublished":"2020-10-08T06:28:48+00:00","dateModified":"2025-04-24T17:03:23+00:00","description":"Wir (YUga.at) als Websitebetreiber sind bem\u00fcht, die Website in Einklang mit den einschl\u00e4gigen Vorschriften zur Barrierefreiheit zu gestalten.","breadcrumb":{"@id":"https:\/\/yuga.at\/barrierefreiheitserklarung\/#breadcrumb"},"inLanguage":"de","potentialAction":[{"@type":"ReadAction","target":["https:\/\/yuga.at\/barrierefreiheitserklarung\/"]}]},{"@type":"BreadcrumbList","@id":"https:\/\/yuga.at\/barrierefreiheitserklarung\/#breadcrumb","itemListElement":[{"@type":"ListItem","position":1,"name":"Home","item":"https:\/\/yuga.at\/"},{"@type":"ListItem","position":2,"name":"Barrierefreiheitserkl\u00e4rung"}]},{"@type":"WebSite","@id":"https:\/\/yuga.at\/#website","url":"https:\/\/yuga.at\/","name":"YUga.at","description":"exYU Portal","publisher":{"@id":"https:\/\/yuga.at\/#organization"},"potentialAction":[{"@type":"SearchAction","target":{"@type":"EntryPoint","urlTemplate":"https:\/\/yuga.at\/?s={search_term_string}"},"query-input":{"@type":"PropertyValueSpecification","valueRequired":true,"valueName":"search_term_string"}}],"inLanguage":"de"},{"@type":"Organization","@id":"https:\/\/yuga.at\/#organization","name":"YUga.at","url":"https:\/\/yuga.at\/","logo":{"@type":"ImageObject","inLanguage":"de","@id":"https:\/\/yuga.at\/#\/schema\/logo\/image\/","url":"https:\/\/yuga.at\/wp-content\/uploads\/yuga-logo-black-250.png","contentUrl":"https:\/\/yuga.at\/wp-content\/uploads\/yuga-logo-black-250.png","width":250,"height":143,"caption":"YUga.at"},"image":{"@id":"https:\/\/yuga.at\/#\/schema\/logo\/image\/"},"sameAs":["https:\/\/www.facebook.com\/yuga.austria","https:\/\/www.instagram.com\/yuga.at\/"]}]}},"taxonomy_info":[],"featured_image_src_large":false,"author_info":{"display_name":"Srdjan","author_link":"https:\/\/yuga.at\/de\/author\/srdjan\/"},"comment_info":0,"_links":{"self":[{"href":"https:\/\/yuga.at\/de\/wp-json\/wp\/v2\/pages\/3573","targetHints":{"allow":["GET"]}}],"collection":[{"href":"https:\/\/yuga.at\/de\/wp-json\/wp\/v2\/pages"}],"about":[{"href":"https:\/\/yuga.at\/de\/wp-json\/wp\/v2\/types\/page"}],"author":[{"embeddable":true,"href":"https:\/\/yuga.at\/de\/wp-json\/wp\/v2\/users\/3"}],"replies":[{"embeddable":true,"href":"https:\/\/yuga.at\/de\/wp-json\/wp\/v2\/comments?post=3573"}],"version-history":[{"count":4,"href":"https:\/\/yuga.at\/de\/wp-json\/wp\/v2\/pages\/3573\/revisions"}],"predecessor-version":[{"id":17114,"href":"https:\/\/yuga.at\/de\/wp-json\/wp\/v2\/pages\/3573\/revisions\/17114"}],"wp:attachment":[{"href":"https:\/\/yuga.at\/de\/wp-json\/wp\/v2\/media?parent=3573"}],"curies":[{"name":"wp","href":"https:\/\/api.w.org\/{rel}","templated":true}]}}