{"id":4482,"date":"2020-10-27T18:53:23","date_gmt":"2020-10-27T17:53:23","guid":{"rendered":"https:\/\/yuga.at\/?page_id=4482"},"modified":"2020-11-07T19:26:08","modified_gmt":"2020-11-07T18:26:08","slug":"staatliche-institutionen","status":"publish","type":"page","link":"https:\/\/yuga.at\/de\/adresar-drzavnih-institucija\/","title":{"rendered":"Staatliche Institutionen"},"content":{"rendered":"\n<div class=\"wp-block-columns alignwide is-layout-flex wp-container-core-columns-is-layout-9d6595d7 wp-block-columns-is-layout-flex\">\n<div class=\"wp-block-column is-layout-flow wp-block-column-is-layout-flow\" style=\"flex-basis:33.33%\">\n<div class=\"asp_w_container asp_w_container_16 asp_w_container_16_1\" data-id=\"16\" data-instance=\"1\"><div class='asp_w asp_m asp_m_16 asp_m_16_1 wpdreams_asp_sc wpdreams_asp_sc-16 ajaxsearchpro asp_main_container asp_non_compact' data-id=\"16\" data-name=\"Drzavne institucije\" data-instance=\"1\" id='ajaxsearchpro16_1'><div class=\"probox\"><div class='prosettings' style='display:none;' data-opened=0><div class='innericon'><svg xmlns=\"http:\/\/www.w3.org\/2000\/svg\" width=\"22\" height=\"22\" viewBox=\"0 0 512 512\"><polygon transform=\"rotate(90 256 256)\" points=\"142.332,104.886 197.48,50 402.5,256 197.48,462 142.332,407.113 292.727,256\"\/><\/svg><\/div><\/div><div class='proinput'><form role=\"search\" action='#' autocomplete=\"off\" aria-label=\"Search form\"><input type='search' class='orig' placeholder='Pretra\u017ei...' name='phrase' value='' aria-label=\"Search input\" autocomplete=\"off\"\/><input type='text' class='autocomplete' name='phrase' value='' aria-label=\"Search autocomplete input\" aria-hidden=\"true\" tabindex=\"-1\" autocomplete=\"off\" disabled\/><\/form><\/div><button class='promagnifier' aria-label=\"Search magnifier button\"><span class='asp_text_button hiddend'> Search <\/span><span class='innericon'><svg xmlns=\"http:\/\/www.w3.org\/2000\/svg\" width=\"22\" height=\"22\" viewBox=\"0 0 512 512\"><path d=\"M460.355 421.59l-106.51-106.512c20.04-27.553 31.884-61.437 31.884-98.037C385.73 124.935 310.792 50 218.685 50c-92.106 0-167.04 74.934-167.04 167.04 0 92.107 74.935 167.042 167.04 167.042 34.912 0 67.352-10.773 94.184-29.158L419.945 462l40.41-40.41zM100.63 217.04c0-65.095 52.96-118.055 118.056-118.055 65.098 0 118.057 52.96 118.057 118.056 0 65.097-52.96 118.057-118.057 118.057-65.096 0-118.055-52.96-118.055-118.056z\"\/><\/svg><\/span><span class=\"asp_clear\"><\/span><\/button><div class='proloading'><div class=\"asp_loader\"><div class=\"asp_loader-inner asp_line-scale\"><div><\/div><div><\/div><div><\/div><div><\/div><div><\/div><\/div><\/div><\/div><\/div><\/div><div class='asp_data_container' style=\"display:none !important;\"><div class=\"asp_init_data\" style=\"display:none !important;\" id=\"asp_init_id_16_1\" data-asp-id=\"16\" data-asp-instance=\"1\" data-settings=\"{&quot;animations&quot;:{&quot;pc&quot;:{&quot;settings&quot;:{&quot;anim&quot;:&quot;none&quot;,&quot;dur&quot;:0},&quot;results&quot;:{&quot;anim&quot;:&quot;fadedrop&quot;,&quot;dur&quot;:100},&quot;items&quot;:&quot;fadeInDown&quot;},&quot;mob&quot;:{&quot;settings&quot;:{&quot;anim&quot;:&quot;none&quot;,&quot;dur&quot;:&quot;0&quot;},&quot;results&quot;:{&quot;anim&quot;:&quot;fadedrop&quot;,&quot;dur&quot;:&quot;100&quot;},&quot;items&quot;:&quot;fadeInDown&quot;}},&quot;autocomplete&quot;:{&quot;enabled&quot;:1,&quot;trigger_charcount&quot;:0,&quot;googleOnly&quot;:0,&quot;lang&quot;:&quot;sr&quot;,&quot;mobile&quot;:1},&quot;autop&quot;:{&quot;state&quot;:&quot;phrase&quot;,&quot;phrase&quot;:&quot;&quot;,&quot;count&quot;:10},&quot;charcount&quot;:0,&quot;closeOnDocClick&quot;:0,&quot;compact&quot;:{&quot;enabled&quot;:0,&quot;focus&quot;:1,&quot;width&quot;:&quot;100%&quot;,&quot;width_tablet&quot;:&quot;480px&quot;,&quot;width_phone&quot;:&quot;320px&quot;,&quot;closeOnMagnifier&quot;:1,&quot;closeOnDocument&quot;:0,&quot;position&quot;:&quot;static&quot;,&quot;overlay&quot;:0},&quot;cptArchive&quot;:{&quot;useAjax&quot;:0,&quot;selector&quot;:&quot;#main&quot;,&quot;url&quot;:&quot;&quot;},&quot;detectVisibility&quot;:0,&quot;divi&quot;:{&quot;bodycommerce&quot;:0},&quot;focusOnPageload&quot;:0,&quot;fss_layout&quot;:&quot;flex&quot;,&quot;highlight&quot;:1,&quot;highlightWholewords&quot;:1,&quot;homeurl&quot;:&quot;https:\\\/\\\/yuga.at\\\/de\\\/&quot;,&quot;is_results_page&quot;:0,&quot;isotopic&quot;:{&quot;itemWidth&quot;:&quot;200px&quot;,&quot;itemWidthTablet&quot;:&quot;200px&quot;,&quot;itemWidthPhone&quot;:&quot;200px&quot;,&quot;itemHeight&quot;:&quot;200px&quot;,&quot;itemHeightTablet&quot;:&quot;200px&quot;,&quot;itemHeightPhone&quot;:&quot;200px&quot;,&quot;pagination&quot;:1,&quot;rows&quot;:2,&quot;gutter&quot;:5,&quot;showOverlay&quot;:1,&quot;blurOverlay&quot;:1,&quot;hideContent&quot;:1},&quot;itemscount&quot;:4,&quot;loaderLocation&quot;:&quot;auto&quot;,&quot;mobile&quot;:{&quot;trigger_on_type&quot;:1,&quot;click_action&quot;:&quot;ajax_search&quot;,&quot;return_action&quot;:&quot;ajax_search&quot;,&quot;click_action_location&quot;:&quot;same&quot;,&quot;return_action_location&quot;:&quot;same&quot;,&quot;redirect_url&quot;:&quot;?s={phrase}&quot;,&quot;elementor_url&quot;:&quot;https:\\\/\\\/yuga.at\\\/de\\\/?asp_ls={phrase}&quot;,&quot;menu_selector&quot;:&quot;#menu-toggle&quot;,&quot;hide_keyboard&quot;:1,&quot;force_res_hover&quot;:0,&quot;force_sett_hover&quot;:0,&quot;force_sett_state&quot;:&quot;none&quot;},&quot;override_method&quot;:&quot;get&quot;,&quot;overridewpdefault&quot;:1,&quot;prescontainerheight&quot;:&quot;400px&quot;,&quot;preventBodyScroll&quot;:0,&quot;preventEvents&quot;:0,&quot;rb&quot;:{&quot;action&quot;:&quot;live&quot;},&quot;resPage&quot;:{&quot;useAjax&quot;:0,&quot;selector&quot;:&quot;#main&quot;,&quot;trigger_type&quot;:1,&quot;trigger_facet&quot;:1,&quot;trigger_magnifier&quot;:0,&quot;trigger_return&quot;:0},&quot;results&quot;:{&quot;width&quot;:&quot;auto&quot;,&quot;width_tablet&quot;:&quot;auto&quot;,&quot;width_phone&quot;:&quot;auto&quot;,&quot;disableClick&quot;:false},&quot;resultsSnapTo&quot;:&quot;left&quot;,&quot;resultsposition&quot;:&quot;block&quot;,&quot;resultstype&quot;:&quot;vertical&quot;,&quot;sb&quot;:{&quot;redirect_action&quot;:&quot;ajax_search&quot;,&quot;redirect_location&quot;:&quot;same&quot;,&quot;redirect_url&quot;:&quot;?s={phrase}&quot;,&quot;elementor_url&quot;:&quot;https:\\\/\\\/yuga.at\\\/de\\\/?asp_ls={phrase}&quot;},&quot;scrollBar&quot;:{&quot;horizontal&quot;:{&quot;enabled&quot;:1}},&quot;scrollToResults&quot;:{&quot;enabled&quot;:0,&quot;offset&quot;:0},&quot;select2&quot;:{&quot;nores&quot;:&quot;Nema rezultata&quot;},&quot;settings&quot;:{&quot;unselectChildren&quot;:1,&quot;unselectParent&quot;:0,&quot;hideChildren&quot;:0},&quot;settingsHideOnRes&quot;:0,&quot;settingsimagepos&quot;:&quot;right&quot;,&quot;settingsVisible&quot;:1,&quot;show_more&quot;:{&quot;enabled&quot;:1,&quot;url&quot;:&quot;?s={phrase}&quot;,&quot;elementor_url&quot;:&quot;https:\\\/\\\/yuga.at\\\/de\\\/?asp_ls={phrase}&quot;,&quot;action&quot;:&quot;ajax&quot;,&quot;location&quot;:&quot;same&quot;,&quot;infinite&quot;:0},&quot;singleHighlight&quot;:0,&quot;taxArchive&quot;:{&quot;useAjax&quot;:0,&quot;selector&quot;:&quot;#main&quot;,&quot;url&quot;:&quot;&quot;},&quot;lightbox&quot;:{&quot;overlay&quot;:true,&quot;overlayOpacity&quot;:0.6999999999999999555910790149937383830547332763671875,&quot;overlayColor&quot;:&quot;#FFFFFF&quot;,&quot;nav&quot;:true,&quot;disableRightClick&quot;:true,&quot;close&quot;:true,&quot;animationSpeed&quot;:250,&quot;docClose&quot;:true,&quot;disableScroll&quot;:true,&quot;enableKeyboard&quot;:true},&quot;trigger&quot;:{&quot;delay&quot;:300,&quot;autocomplete_delay&quot;:310,&quot;update_href&quot;:0,&quot;facet&quot;:1,&quot;type&quot;:1,&quot;click&quot;:&quot;ajax_search&quot;,&quot;click_location&quot;:&quot;same&quot;,&quot;return&quot;:&quot;ajax_search&quot;,&quot;return_location&quot;:&quot;same&quot;,&quot;redirect_url&quot;:&quot;?s={phrase}&quot;,&quot;elementor_url&quot;:&quot;https:\\\/\\\/yuga.at\\\/de\\\/?asp_ls={phrase}&quot;,&quot;minWordLength&quot;:2,&quot;charcount_magnifier_enter&quot;:0,&quot;charcount&quot;:0},&quot;close_icon&quot;:{&quot;action&quot;:&quot;clear&quot;,&quot;close_results&quot;:true},&quot;wooShop&quot;:{&quot;useAjax&quot;:0,&quot;selector&quot;:&quot;#main&quot;,&quot;url&quot;:&quot;&quot;}}\"><\/div><div class='asp_hidden_data' style=\"display:none !important;\"><div class='asp_item_overlay'><div class='asp_item_inner'><svg xmlns=\"http:\/\/www.w3.org\/2000\/svg\" width=\"22\" height=\"22\" viewBox=\"0 0 512 512\"><path d=\"M448.225 394.243l-85.387-85.385c16.55-26.08 26.146-56.986 26.146-90.094 0-92.99-75.652-168.64-168.643-168.64-92.988 0-168.64 75.65-168.64 168.64s75.65 168.64 168.64 168.64c31.466 0 60.94-8.67 86.176-23.734l86.14 86.142c36.755 36.754 92.355-18.783 55.57-55.57zm-344.233-175.48c0-64.155 52.192-116.35 116.35-116.35s116.353 52.194 116.353 116.35S284.5 335.117 220.342 335.117s-116.35-52.196-116.35-116.352zm34.463-30.26c34.057-78.9 148.668-69.75 170.248 12.863-43.482-51.037-119.984-56.532-170.248-12.862z\"\/><\/svg><\/div><\/div><\/div><\/div><div id='__original__ajaxsearchprores16_1' class='asp_w asp_r asp_r_16 asp_r_16_1 vertical ajaxsearchpro wpdreams_asp_sc wpdreams_asp_sc-16' data-id=\"16\" data-instance=\"1\"><div class=\"results\"><div class=\"resdrg\"><\/div><\/div><div class=\"asp_showmore_container\"><p class='showmore'><a class='asp_showmore' role=\"button\" href=\"https:\/\/yuga.at\">Vi\u0161e rezultata... <span><\/span><\/a><\/p><div class=\"asp_moreres_loader\" style=\"display: none;\"><div class=\"asp_moreres_loader-inner\"><\/div><\/div><\/div><div class=\"asp_res_loader hiddend\"><div class=\"asp_loader\"><div class=\"asp_loader-inner asp_line-scale\"><div><\/div><div><\/div><div><\/div><div><\/div><div><\/div><\/div><\/div><\/div><\/div><div id='__original__ajaxsearchprobsettings16_1' class=\"asp_w asp_ss asp_ss_16 asp_sb asp_sb_16 asp_sb_16_1 asp_sb wpdreams_asp_sc wpdreams_asp_sc-16 ajaxsearchpro searchsettings\" data-id=\"16\" data-instance=\"1\"><form name='options' class=\"asp-fss-flex\" aria-label=\"Search settings form\" autocomplete = 'off'><input type=\"hidden\" name=\"current_page_id\" value=\"4482\"><input type='hidden' name='qtranslate_lang' value='0'\/><input type=\"hidden\" name=\"filters_changed\" value=\"0\"><input type=\"hidden\" name=\"filters_initial\" value=\"1\"><input type=\"hidden\" name=\"device\" value=\"1\"><fieldset data-asp_invalid_msg=\"This field is required!\" class=\"asp_custom_f asp_filter_cf_drz-inst-plz asp_filter_id_2 asp_filter_n_1\"><legend>Bezirk (Op\u0161tina)<\/legend><div class='drz-inst-plz_filter_box'><div class=\"asp_select_label asp_select_multiple\"><select class=\"asp_gochosen asp_goselect2\" multiple aria-label=\"Bezirk (Op\u0161tina)\" data-placeholder=\"Izaberi...\" name=\"aspf[drz-inst-plz__2][]\" ><option value=\"\" >Svi<\/option><option value=\"1010\" >1010<\/option><option value=\"1020\" >1020<\/option><option value=\"1030\" >1030<\/option><option value=\"1040\" >1040<\/option><option value=\"1050\" >1050<\/option><option value=\"1060\" >1060<\/option><option value=\"1070\" >1070<\/option><option value=\"1090\" >1090<\/option><option value=\"1100\" >1100<\/option><option value=\"1110\" >1110<\/option><option value=\"1120\" >1120<\/option><option value=\"1130\" >1130<\/option><option value=\"1150\" >1150<\/option><option value=\"1160\" >1160<\/option><option value=\"1170\" >1170<\/option><option value=\"1180\" >1180<\/option><option value=\"1190\" >1190<\/option><option value=\"1200\" >1200<\/option><option value=\"1210\" >1210<\/option><option value=\"1220\" >1220<\/option><option value=\"1230\" >1230<\/option><\/select><\/div><\/div><\/fieldset><fieldset data-asp_invalid_msg=\"This field is required!\" class=\"asp_filter_tax asp_filter_tax_drz_inst_kategorije asp_multisearch_filter_box asp_filter_id_1 asp_filter_n_0\"><legend>Institucija<\/legend><div class='drz_inst_kategorije_filter_box categoryfilter'><div class='asp_select_label asp_select_multiple'><select aria-label=\"Taxonomy select for drz_inst_kategorije\" class='asp_gochosen asp_goselect2' multiple data-placeholder=\"Izaberi...\" name=\"termset[drz_inst_kategorije][]\" ><option class=\"asp_option_cat asp_option_cat_level-0\" asp_cat_parent=\"0\" value=\"192\" > Austrija <\/option><option class=\"asp_option_cat asp_option_cat_level-1\" asp_cat_parent=\"0\" value=\"241\" > &nbsp;&nbsp;Magistrat <\/option><option class=\"asp_option_cat asp_option_cat_level-1\" asp_cat_parent=\"0\" value=\"197\" > &nbsp;&nbsp;Ministarstvo <\/option><option class=\"asp_option_cat asp_option_cat_level-0\" asp_cat_parent=\"0\" value=\"193\" > ExYu <\/option><option class=\"asp_option_cat asp_option_cat_level-1\" asp_cat_parent=\"0\" value=\"194\" > &nbsp;&nbsp;Ambasada <\/option><option class=\"asp_option_cat asp_option_cat_level-1\" asp_cat_parent=\"0\" value=\"195\" > &nbsp;&nbsp;Konzulat <\/option><\/select><\/div><\/div><\/fieldset><fieldset class=\"asp_s_btn_container\"><div class=\"asp_sr_btn_flex\"><div class=\"asp_r_btn_div\"><button type=\"button\" class=\"asp_reset_btn asp_r_btn\">Resetuj filtere<\/button><\/div><\/div><\/fieldset><div style=\"clear:both;\"><\/div><\/form><\/div><\/div>\n\n\n\n<div id='wpdreams_asp_settings_16'><\/div>\n<\/div>\n\n\n\n<div class=\"wp-block-column is-layout-flow wp-block-column-is-layout-flow\" style=\"flex-basis:66.66%\">\n<div id='wpdreams_asp_results_16'><\/div>\n\n\n\n<p><\/p>\n<\/div>\n<\/div>\n","protected":false},"excerpt":{"rendered":"","protected":false},"author":3,"featured_media":4156,"parent":0,"menu_order":0,"comment_status":"closed","ping_status":"closed","template":"","meta":{"_acf_changed":false,"_kad_blocks_custom_css":"","_kad_blocks_head_custom_js":"","_kad_blocks_body_custom_js":"","_kad_blocks_footer_custom_js":"","footnotes":""},"class_list":["post-4482","page","type-page","status-publish","has-post-thumbnail","hentry","entry"],"acf":[],"yoast_head":"<!-- This site is optimized with the Yoast SEO plugin v27.3 - https:\/\/yoast.com\/product\/yoast-seo-wordpress\/ -->\n<title>Adresar dr\u017eavnih institucija - YUga.at<\/title>\n<meta name=\"description\" content=\"Ambasade i konzularna odeljenja dr\u017eava biv\u0161e Jugoslavije, kao i druge va\u017ene, dr\u017eavne institucije u Be\u010du.\" \/>\n<meta name=\"robots\" content=\"index, follow, max-snippet:-1, max-image-preview:large, max-video-preview:-1\" \/>\n<link rel=\"canonical\" href=\"https:\/\/yuga.at\/de\/staatliche-institutionen\/\" \/>\n<meta property=\"og:locale\" content=\"de_DE\" \/>\n<meta property=\"og:type\" content=\"article\" \/>\n<meta property=\"og:title\" content=\"Adresar dr\u017eavnih institucija - YUga.at\" \/>\n<meta property=\"og:description\" content=\"Ambasade i konzularna odeljenja dr\u017eava biv\u0161e Jugoslavije, kao i druge va\u017ene, dr\u017eavne institucije u Be\u010du.\" \/>\n<meta property=\"og:url\" content=\"https:\/\/yuga.at\/de\/staatliche-institutionen\/\" \/>\n<meta property=\"og:site_name\" content=\"YUga.at\" \/>\n<meta property=\"article:publisher\" content=\"https:\/\/www.facebook.com\/yuga.austria\" \/>\n<meta property=\"article:modified_time\" content=\"2020-11-07T18:26:08+00:00\" \/>\n<meta property=\"og:image\" content=\"https:\/\/yuga.at\/wp-content\/uploads\/prodavnica-kasa.png\" \/>\n\t<meta property=\"og:image:width\" content=\"256\" \/>\n\t<meta property=\"og:image:height\" content=\"256\" \/>\n\t<meta property=\"og:image:type\" content=\"image\/png\" \/>\n<meta name=\"twitter:card\" content=\"summary_large_image\" \/>\n<script type=\"application\/ld+json\" class=\"yoast-schema-graph\">{\"@context\":\"https:\\\/\\\/schema.org\",\"@graph\":[{\"@type\":\"WebPage\",\"@id\":\"https:\\\/\\\/yuga.at\\\/adresar-drzavnih-institucija\\\/\",\"url\":\"https:\\\/\\\/yuga.at\\\/adresar-drzavnih-institucija\\\/\",\"name\":\"Adresar dr\u017eavnih institucija - YUga.at\",\"isPartOf\":{\"@id\":\"https:\\\/\\\/yuga.at\\\/#website\"},\"primaryImageOfPage\":{\"@id\":\"https:\\\/\\\/yuga.at\\\/adresar-drzavnih-institucija\\\/#primaryimage\"},\"image\":{\"@id\":\"https:\\\/\\\/yuga.at\\\/adresar-drzavnih-institucija\\\/#primaryimage\"},\"thumbnailUrl\":\"https:\\\/\\\/yuga.at\\\/wp-content\\\/uploads\\\/prodavnica-kasa.png\",\"datePublished\":\"2020-10-27T17:53:23+00:00\",\"dateModified\":\"2020-11-07T18:26:08+00:00\",\"description\":\"Ambasade i konzularna odeljenja dr\u017eava biv\u0161e Jugoslavije, kao i druge va\u017ene, dr\u017eavne institucije u Be\u010du.\",\"breadcrumb\":{\"@id\":\"https:\\\/\\\/yuga.at\\\/adresar-drzavnih-institucija\\\/#breadcrumb\"},\"inLanguage\":\"de\",\"potentialAction\":[{\"@type\":\"ReadAction\",\"target\":[\"https:\\\/\\\/yuga.at\\\/adresar-drzavnih-institucija\\\/\"]}]},{\"@type\":\"ImageObject\",\"inLanguage\":\"de\",\"@id\":\"https:\\\/\\\/yuga.at\\\/adresar-drzavnih-institucija\\\/#primaryimage\",\"url\":\"https:\\\/\\\/yuga.at\\\/wp-content\\\/uploads\\\/prodavnica-kasa.png\",\"contentUrl\":\"https:\\\/\\\/yuga.at\\\/wp-content\\\/uploads\\\/prodavnica-kasa.png\",\"width\":256,\"height\":256,\"caption\":\"prodavnica-kasa\"},{\"@type\":\"BreadcrumbList\",\"@id\":\"https:\\\/\\\/yuga.at\\\/adresar-drzavnih-institucija\\\/#breadcrumb\",\"itemListElement\":[{\"@type\":\"ListItem\",\"position\":1,\"name\":\"Home\",\"item\":\"https:\\\/\\\/yuga.at\\\/\"},{\"@type\":\"ListItem\",\"position\":2,\"name\":\"Adresar dr\u017eavnih institucija\"}]},{\"@type\":\"WebSite\",\"@id\":\"https:\\\/\\\/yuga.at\\\/#website\",\"url\":\"https:\\\/\\\/yuga.at\\\/\",\"name\":\"YUga.at\",\"description\":\"exYU Portal\",\"publisher\":{\"@id\":\"https:\\\/\\\/yuga.at\\\/#organization\"},\"potentialAction\":[{\"@type\":\"SearchAction\",\"target\":{\"@type\":\"EntryPoint\",\"urlTemplate\":\"https:\\\/\\\/yuga.at\\\/?s={search_term_string}\"},\"query-input\":{\"@type\":\"PropertyValueSpecification\",\"valueRequired\":true,\"valueName\":\"search_term_string\"}}],\"inLanguage\":\"de\"},{\"@type\":\"Organization\",\"@id\":\"https:\\\/\\\/yuga.at\\\/#organization\",\"name\":\"YUga.at\",\"url\":\"https:\\\/\\\/yuga.at\\\/\",\"logo\":{\"@type\":\"ImageObject\",\"inLanguage\":\"de\",\"@id\":\"https:\\\/\\\/yuga.at\\\/#\\\/schema\\\/logo\\\/image\\\/\",\"url\":\"https:\\\/\\\/yuga.at\\\/wp-content\\\/uploads\\\/yuga-logo-black-250.png\",\"contentUrl\":\"https:\\\/\\\/yuga.at\\\/wp-content\\\/uploads\\\/yuga-logo-black-250.png\",\"width\":250,\"height\":143,\"caption\":\"YUga.at\"},\"image\":{\"@id\":\"https:\\\/\\\/yuga.at\\\/#\\\/schema\\\/logo\\\/image\\\/\"},\"sameAs\":[\"https:\\\/\\\/www.facebook.com\\\/yuga.austria\",\"https:\\\/\\\/www.instagram.com\\\/yuga.at\\\/\"]}]}<\/script>\n<!-- \/ Yoast SEO plugin. -->","yoast_head_json":{"title":"Adresar dr\u017eavnih institucija - YUga.at","description":"Ambasade i konzularna odeljenja dr\u017eava biv\u0161e Jugoslavije, kao i druge va\u017ene, dr\u017eavne institucije u Be\u010du.","robots":{"index":"index","follow":"follow","max-snippet":"max-snippet:-1","max-image-preview":"max-image-preview:large","max-video-preview":"max-video-preview:-1"},"canonical":"https:\/\/yuga.at\/de\/staatliche-institutionen\/","og_locale":"de_DE","og_type":"article","og_title":"Adresar dr\u017eavnih institucija - YUga.at","og_description":"Ambasade i konzularna odeljenja dr\u017eava biv\u0161e Jugoslavije, kao i druge va\u017ene, dr\u017eavne institucije u Be\u010du.","og_url":"https:\/\/yuga.at\/de\/staatliche-institutionen\/","og_site_name":"YUga.at","article_publisher":"https:\/\/www.facebook.com\/yuga.austria","article_modified_time":"2020-11-07T18:26:08+00:00","og_image":[{"width":256,"height":256,"url":"https:\/\/yuga.at\/wp-content\/uploads\/prodavnica-kasa.png","type":"image\/png"}],"twitter_card":"summary_large_image","schema":{"@context":"https:\/\/schema.org","@graph":[{"@type":"WebPage","@id":"https:\/\/yuga.at\/adresar-drzavnih-institucija\/","url":"https:\/\/yuga.at\/adresar-drzavnih-institucija\/","name":"Adresar dr\u017eavnih institucija - YUga.at","isPartOf":{"@id":"https:\/\/yuga.at\/#website"},"primaryImageOfPage":{"@id":"https:\/\/yuga.at\/adresar-drzavnih-institucija\/#primaryimage"},"image":{"@id":"https:\/\/yuga.at\/adresar-drzavnih-institucija\/#primaryimage"},"thumbnailUrl":"https:\/\/yuga.at\/wp-content\/uploads\/prodavnica-kasa.png","datePublished":"2020-10-27T17:53:23+00:00","dateModified":"2020-11-07T18:26:08+00:00","description":"Ambasade i konzularna odeljenja dr\u017eava biv\u0161e Jugoslavije, kao i druge va\u017ene, dr\u017eavne institucije u Be\u010du.","breadcrumb":{"@id":"https:\/\/yuga.at\/adresar-drzavnih-institucija\/#breadcrumb"},"inLanguage":"de","potentialAction":[{"@type":"ReadAction","target":["https:\/\/yuga.at\/adresar-drzavnih-institucija\/"]}]},{"@type":"ImageObject","inLanguage":"de","@id":"https:\/\/yuga.at\/adresar-drzavnih-institucija\/#primaryimage","url":"https:\/\/yuga.at\/wp-content\/uploads\/prodavnica-kasa.png","contentUrl":"https:\/\/yuga.at\/wp-content\/uploads\/prodavnica-kasa.png","width":256,"height":256,"caption":"prodavnica-kasa"},{"@type":"BreadcrumbList","@id":"https:\/\/yuga.at\/adresar-drzavnih-institucija\/#breadcrumb","itemListElement":[{"@type":"ListItem","position":1,"name":"Home","item":"https:\/\/yuga.at\/"},{"@type":"ListItem","position":2,"name":"Adresar dr\u017eavnih institucija"}]},{"@type":"WebSite","@id":"https:\/\/yuga.at\/#website","url":"https:\/\/yuga.at\/","name":"YUga.at","description":"exYU Portal","publisher":{"@id":"https:\/\/yuga.at\/#organization"},"potentialAction":[{"@type":"SearchAction","target":{"@type":"EntryPoint","urlTemplate":"https:\/\/yuga.at\/?s={search_term_string}"},"query-input":{"@type":"PropertyValueSpecification","valueRequired":true,"valueName":"search_term_string"}}],"inLanguage":"de"},{"@type":"Organization","@id":"https:\/\/yuga.at\/#organization","name":"YUga.at","url":"https:\/\/yuga.at\/","logo":{"@type":"ImageObject","inLanguage":"de","@id":"https:\/\/yuga.at\/#\/schema\/logo\/image\/","url":"https:\/\/yuga.at\/wp-content\/uploads\/yuga-logo-black-250.png","contentUrl":"https:\/\/yuga.at\/wp-content\/uploads\/yuga-logo-black-250.png","width":250,"height":143,"caption":"YUga.at"},"image":{"@id":"https:\/\/yuga.at\/#\/schema\/logo\/image\/"},"sameAs":["https:\/\/www.facebook.com\/yuga.austria","https:\/\/www.instagram.com\/yuga.at\/"]}]}},"taxonomy_info":[],"featured_image_src_large":["https:\/\/yuga.at\/wp-content\/uploads\/prodavnica-kasa.png",256,256,false],"author_info":{"display_name":"Srdjan","author_link":"https:\/\/yuga.at\/de\/author\/srdjan\/"},"comment_info":0,"_links":{"self":[{"href":"https:\/\/yuga.at\/de\/wp-json\/wp\/v2\/pages\/4482","targetHints":{"allow":["GET"]}}],"collection":[{"href":"https:\/\/yuga.at\/de\/wp-json\/wp\/v2\/pages"}],"about":[{"href":"https:\/\/yuga.at\/de\/wp-json\/wp\/v2\/types\/page"}],"author":[{"embeddable":true,"href":"https:\/\/yuga.at\/de\/wp-json\/wp\/v2\/users\/3"}],"replies":[{"embeddable":true,"href":"https:\/\/yuga.at\/de\/wp-json\/wp\/v2\/comments?post=4482"}],"version-history":[{"count":2,"href":"https:\/\/yuga.at\/de\/wp-json\/wp\/v2\/pages\/4482\/revisions"}],"predecessor-version":[{"id":4486,"href":"https:\/\/yuga.at\/de\/wp-json\/wp\/v2\/pages\/4482\/revisions\/4486"}],"wp:featuredmedia":[{"embeddable":true,"href":"https:\/\/yuga.at\/de\/wp-json\/wp\/v2\/media\/4156"}],"wp:attachment":[{"href":"https:\/\/yuga.at\/de\/wp-json\/wp\/v2\/media?parent=4482"}],"curies":[{"name":"wp","href":"https:\/\/api.w.org\/{rel}","templated":true}]}}