{"id":5484,"date":"2020-11-17T22:34:25","date_gmt":"2020-11-17T21:34:25","guid":{"rendered":"https:\/\/yuga.at\/?page_id=5484"},"modified":"2022-07-31T12:53:42","modified_gmt":"2022-07-31T10:53:42","slug":"services","status":"publish","type":"page","link":"https:\/\/yuga.at\/de\/servisi\/","title":{"rendered":"Services"},"content":{"rendered":"<div class=\"servisi-spisak\">\n\n    <!-- container-fluid - START -->\n    <div class=\"container-fluid\">\n\n        <!-- row - START -->\n        <div class=\"row\">\n\n            <div class=\"col-12 col-sm-6 col-md-4\">\n                <a id=\"servisUsluzniObjekti\" href=\"\/de\/exyu-gastro-in-wien\/\" class=\"serviceBox\">\n                    <div class=\"service-icon\">\n                        <img decoding=\"async\" src=\"\/wp-content\/uploads\/restoran.svg\" class=\"img-fluid\" alt=\"Restaurant\">\n                    <\/div>\n                    <h3 class=\"title\">Gastronomie<\/h3>\n                <\/a>\n            <\/div>\n\n            <div class=\"col-12 col-sm-6 col-md-4\">\n                <a id=\"servisProdavnice\" href=\"\/de\/ex-yu-geschaefte\/\" class=\"serviceBox pink\">\n                    <div class=\"service-icon\">\n                        <img decoding=\"async\" src=\"\/wp-content\/uploads\/prodavnice.svg\" class=\"img-fluid\" alt=\"Gesch\u00e4fte\">\n                    <\/div>\n                    <h3 class=\"title\">Gesch\u00e4fte<\/h3>\n                <\/a>\n            <\/div>\n\n            <div class=\"col-12 col-sm-6 col-md-4\">\n                <a id=\"servisLekari\" href=\"\/de\/exyu-aerzte-in-wien\/\" class=\"serviceBox blue\">\n                    <div class=\"service-icon\">\n                        <img decoding=\"async\" src=\"\/wp-content\/uploads\/lekari.svg\" class=\"img-fluid\" alt=\"\u00c4rzte\">\n                    <\/div>\n                    <h3 class=\"title\">\u00c4rzte<\/h3>\n                <\/a>\n            <\/div>\n\n            <div class=\"col-12 col-sm-6 col-md-4\">\n                <a id=\"servisApoteke\" href=\"\/de\/apotheken-mit-exyu-sprachen\/\" class=\"serviceBox green\">\n                    <div class=\"service-icon\">\n                        <img decoding=\"async\" src=\"\/wp-content\/uploads\/apoteke.svg\" class=\"img-fluid\" alt=\"Apotheken\">\n                    <\/div>\n                    <h3 class=\"title\">Apotheken<\/h3>\n                <\/a>\n            <\/div>\n\n            <div class=\"col-12 col-sm-6 col-md-4\">\n                <a id=\"servisPrevoznici\" href=\"\/de\/transportunternehmen-wien-exyu\/\" class=\"serviceBox\">\n                    <div class=\"service-icon\">\n                        <img decoding=\"async\" src=\"\/wp-content\/uploads\/prevoznici.svg\" class=\"img-fluid\" alt=\"prevoznici\">\n                    <\/div>\n                    <h3 class=\"title\">Transport<\/h3>\n                <\/a>\n            <\/div>\n\n            <div class=\"col-12 col-sm-6 col-md-4\">\n                <a id=\"servisTaxi\" href=\"\/de\/grenzuebergaenge-2\/\" class=\"serviceBox pink\">\n                    <div class=\"service-icon\">\n                        <img decoding=\"async\" src=\"\/wp-content\/uploads\/pasos-granica-kontrola.svg\" class=\"img-fluid\" alt=\"granicni-prelaz\">\n                    <\/div>\n                    <h3 class=\"title\">Grenz\u00fcberg\u00e4nge<\/h3>\n                <\/a>\n            <\/div>\n\n            <div class=\"col-12 col-sm-6 col-md-4\">\n                <a id=\"servisTaxi\" href=\"\/de\/taxi-in-wien\/\" class=\"serviceBox pink\">\n                    <div class=\"service-icon\">\n                        <img decoding=\"async\" src=\"\/wp-content\/uploads\/taxi.svg\" class=\"img-fluid\" alt=\"taxi\">\n                    <\/div>\n                    <h3 class=\"title\">Taxidienste<\/h3>\n                <\/a>\n            <\/div>\n\n            <div class=\"col-12 col-sm-6 col-md-4\">\n                <a id=\"servisAutomehanicari\" href=\"\/de\/exyu-kfz-mechaniker-in-wien\/\" class=\"serviceBox blue\">\n                    <div class=\"service-icon\">\n                        <img decoding=\"async\" src=\"\/wp-content\/uploads\/automehanicari.svg\" class=\"img-fluid\" alt=\"automehanicari\">\n                    <\/div>\n                    <h3 class=\"title\">Automechaniker<\/h3>\n                <\/a>\n            <\/div>\n\n            <div class=\"col-12 col-sm-6 col-md-4\">\n                <a id=\"servisAutoPlacevi\" href=\"\/de\/autohaendler\/\" class=\"serviceBox green\">\n                    <div class=\"service-icon\">\n                        <img decoding=\"async\" src=\"\/wp-content\/uploads\/auto-placevi.svg\" class=\"img-fluid\" alt=\"auto-placevi\">\n                    <\/div>\n                    <h3 class=\"title\">Autoh\u00e4ndler<\/h3>\n                <\/a>\n            <\/div>\n\n            <div class=\"col-12 col-sm-6 col-md-4\">\n                <a id=\"servisFrizeriKozmeticari\" href=\"\/de\/exyu-friseure-und-kosmetikerinnen-in-wien\/\" class=\"serviceBox\">\n                    <div class=\"service-icon\">\n                        <img decoding=\"async\" src=\"\/wp-content\/uploads\/frizeri.svg\" class=\"img-fluid\" alt=\"frizeri\">\n                    <\/div>\n                    <h3 class=\"title\">Friseure und Kosmetiker<\/h3>\n                <\/a>\n            <\/div>\n\n            <div class=\"col-12 col-sm-6 col-md-4\">\n                <a id=\"servisKupovinaNedeljom\" href=\"\/de\/wo-am-sonntag-einkaufen\/\" class=\"serviceBox pink\">\n                    <div class=\"service-icon\">\n                        <img decoding=\"async\" src=\"\/wp-content\/uploads\/kupovina-nedeljom.svg\" class=\"img-fluid\" alt=\"kupovina-nedeljom\">\n                    <\/div>\n                    <h3 class=\"title\">Sonntagseinkauf<\/h3>\n                <\/a>\n            <\/div>\n\n            <div class=\"col-12 col-sm-6 col-md-4\">\n                <a id=\"servisDezurneApoteke\" href=\"\/de\/notfallapotheken-in-wien\/\" class=\"serviceBox blue\">\n                    <div class=\"service-icon\">\n                        <img decoding=\"async\" src=\"\/wp-content\/uploads\/dezurne-apoteke.svg\" class=\"img-fluid\" alt=\"dezurne-apoteke\">\n                    <\/div>\n                    <h3 class=\"title\">Notdienst Apotheken<\/h3>\n                <\/a>\n            <\/div>\n\n            <div class=\"col-12 col-sm-6 col-md-4\">\n                <a id=\"servisDezurneSluzbe\" href=\"\/de\/bereitschaftsdienste-in-osterreich\/\" class=\"serviceBox green\">\n                    <div class=\"service-icon\">\n                        <img decoding=\"async\" src=\"\/wp-content\/uploads\/dezurne-sluzbe.svg\" class=\"img-fluid\" alt=\"dezurne-sluzbe\">\n                    <\/div>\n                    <h3 class=\"title\">Bereitschaftsdienste in Wien<\/h3>\n                <\/a>\n            <\/div>\n\n            <div class=\"col-12 col-sm-6 col-md-4\">\n                <a id=\"servisKultura\" href=\"\/de\/service-kultur\/\" class=\"serviceBox\">\n                    <div class=\"service-icon\">\n                        <img decoding=\"async\" src=\"\/wp-content\/uploads\/kultura.svg\" class=\"img-fluid\" alt=\"kultura\">\n                    <\/div>\n                    <h3 class=\"title\">Kultur<\/h3>\n                <\/a>\n            <\/div>\n\n            <div class=\"col-12 col-sm-6 col-md-4\">\n                <a id=\"servisAdvokati\" href=\"\/de\/exyu-anwaelte-in-wien\/\" class=\"serviceBox pink\">\n                    <div class=\"service-icon\">\n                        <img decoding=\"async\" src=\"\/wp-content\/uploads\/advokati.svg\" class=\"img-fluid\" alt=\"advokati\">\n                    <\/div>\n                    <h3 class=\"title\">Anw\u00e4lte<\/h3>\n                <\/a>\n            <\/div>\n\n            <div class=\"col-12 col-sm-6 col-md-4\">\n                <a id=\"servisPrevodioci\" href=\"\/de\/exyu-dolmetscher-und-ubersetzer\/\" class=\"serviceBox blue\">\n                    <div class=\"service-icon\">\n                        <img decoding=\"async\" src=\"\/wp-content\/uploads\/prevodioci.svg\" class=\"img-fluid\" alt=\"\u00dcbersetzer\">\n                    <\/div>\n                    <h3 class=\"title\">Dolmetscher<\/h3>\n                <\/a>\n            <\/div>\n\n            <div class=\"col-12 col-sm-6 col-md-4\">\n                <a id=\"servisInstitucije\" href=\"\/de\/staatliche-institutionen\/\" class=\"serviceBox green\">\n                    <div class=\"service-icon\">\n                        <img decoding=\"async\" src=\"\/wp-content\/uploads\/institucije.svg\" class=\"img-fluid\" alt=\"institucije\">\n                    <\/div>\n                    <h3 class=\"title\">Institutionen<\/h3>\n                <\/a>\n            <\/div>\n\n<div class=\"col-12 col-sm-6 col-md-4\">\n                <a id=\"servisSport\" href=\"\/de\/exyu-sport\/\" class=\"serviceBox blue\">\n                    <div class=\"service-icon\">\n                        <img decoding=\"async\" src=\"\/wp-content\/uploads\/sport.svg\" class=\"img-fluid\" alt=\"sport\">\n                    <\/div>\n                    <h3 class=\"title\">Sport<\/h3>\n                <\/a>\n            <\/div>\n\n            <div class=\"col-12 col-sm-6 col-md-4\">\n                <a id=\"servisOstali\" href=\"\/de\/weitere-services\/\" class=\"serviceBox\">\n                    <div class=\"service-icon\">\n                        <img decoding=\"async\" src=\"\/wp-content\/uploads\/ostali-servisi.svg\" class=\"img-fluid\" alt=\"ostali-servisi\">\n                    <\/div>\n                    <h3 class=\"title\">Weitere Services<\/h3>\n                <\/a>\n            <\/div>\n\n        <\/div>\n        <!-- row - END-->\n\n    <\/div>\n    <!-- container-fluid - END -->\n\n<\/div>","protected":false},"excerpt":{"rendered":"<p>Uslu\u017eni objekti Prodavnice Lekari Apoteke Prevoznici Grani\u010dni prelazi Taksi slu\u017ebe Automehani\u010dari Auto placevi Frizeri i kozmeti\u010dari Kupovina nedeljom De\u017eurne apoteke De\u017eurne slu\u017ebe Kultura Advokati&#8230;<\/p>","protected":false},"author":2,"featured_media":6232,"parent":0,"menu_order":0,"comment_status":"closed","ping_status":"closed","template":"","meta":{"_acf_changed":false,"_kad_blocks_custom_css":"","_kad_blocks_head_custom_js":"","_kad_blocks_body_custom_js":"","_kad_blocks_footer_custom_js":"","footnotes":""},"class_list":["post-5484","page","type-page","status-publish","has-post-thumbnail","hentry","entry"],"acf":[],"yoast_head":"<!-- This site is optimized with the Yoast SEO plugin v27.3 - https:\/\/yoast.com\/product\/yoast-seo-wordpress\/ -->\n<title>Servisi - YUga.at<\/title>\n<meta name=\"robots\" content=\"index, follow, max-snippet:-1, max-image-preview:large, max-video-preview:-1\" \/>\n<link rel=\"canonical\" href=\"https:\/\/yuga.at\/de\/services\/\" \/>\n<meta property=\"og:locale\" content=\"de_DE\" \/>\n<meta property=\"og:type\" content=\"article\" \/>\n<meta property=\"og:title\" content=\"Servisi - YUga.at\" \/>\n<meta property=\"og:description\" content=\"Uslu\u017eni objekti Prodavnice Lekari Apoteke Prevoznici Grani\u010dni prelazi Taksi slu\u017ebe Automehani\u010dari Auto placevi Frizeri i kozmeti\u010dari Kupovina nedeljom De\u017eurne apoteke De\u017eurne slu\u017ebe Kultura Advokati...\" \/>\n<meta property=\"og:url\" content=\"https:\/\/yuga.at\/de\/services\/\" \/>\n<meta property=\"og:site_name\" content=\"YUga.at\" \/>\n<meta property=\"article:publisher\" content=\"https:\/\/www.facebook.com\/yuga.austria\" \/>\n<meta property=\"article:modified_time\" content=\"2022-07-31T10:53:42+00:00\" \/>\n<meta property=\"og:image\" content=\"https:\/\/yuga.at\/wp-content\/uploads\/service-red-project-icon.png\" \/>\n\t<meta property=\"og:image:width\" content=\"512\" \/>\n\t<meta property=\"og:image:height\" content=\"592\" \/>\n\t<meta property=\"og:image:type\" content=\"image\/png\" \/>\n<meta name=\"twitter:card\" content=\"summary_large_image\" \/>\n<meta name=\"twitter:label1\" content=\"Gesch\u00e4tzte Lesezeit\" \/>\n\t<meta name=\"twitter:data1\" content=\"4\u00a0Minuten\" \/>\n<script type=\"application\/ld+json\" class=\"yoast-schema-graph\">{\"@context\":\"https:\\\/\\\/schema.org\",\"@graph\":[{\"@type\":\"WebPage\",\"@id\":\"https:\\\/\\\/yuga.at\\\/servisi\\\/\",\"url\":\"https:\\\/\\\/yuga.at\\\/servisi\\\/\",\"name\":\"Servisi - YUga.at\",\"isPartOf\":{\"@id\":\"https:\\\/\\\/yuga.at\\\/#website\"},\"primaryImageOfPage\":{\"@id\":\"https:\\\/\\\/yuga.at\\\/servisi\\\/#primaryimage\"},\"image\":{\"@id\":\"https:\\\/\\\/yuga.at\\\/servisi\\\/#primaryimage\"},\"thumbnailUrl\":\"https:\\\/\\\/yuga.at\\\/wp-content\\\/uploads\\\/service-red-project-icon.png\",\"datePublished\":\"2020-11-17T21:34:25+00:00\",\"dateModified\":\"2022-07-31T10:53:42+00:00\",\"breadcrumb\":{\"@id\":\"https:\\\/\\\/yuga.at\\\/servisi\\\/#breadcrumb\"},\"inLanguage\":\"de\",\"potentialAction\":[{\"@type\":\"ReadAction\",\"target\":[\"https:\\\/\\\/yuga.at\\\/servisi\\\/\"]}]},{\"@type\":\"ImageObject\",\"inLanguage\":\"de\",\"@id\":\"https:\\\/\\\/yuga.at\\\/servisi\\\/#primaryimage\",\"url\":\"https:\\\/\\\/yuga.at\\\/wp-content\\\/uploads\\\/service-red-project-icon.png\",\"contentUrl\":\"https:\\\/\\\/yuga.at\\\/wp-content\\\/uploads\\\/service-red-project-icon.png\",\"width\":512,\"height\":592,\"caption\":\"Servisi\"},{\"@type\":\"BreadcrumbList\",\"@id\":\"https:\\\/\\\/yuga.at\\\/servisi\\\/#breadcrumb\",\"itemListElement\":[{\"@type\":\"ListItem\",\"position\":1,\"name\":\"Home\",\"item\":\"https:\\\/\\\/yuga.at\\\/\"},{\"@type\":\"ListItem\",\"position\":2,\"name\":\"Servisi\"}]},{\"@type\":\"WebSite\",\"@id\":\"https:\\\/\\\/yuga.at\\\/#website\",\"url\":\"https:\\\/\\\/yuga.at\\\/\",\"name\":\"YUga.at\",\"description\":\"exYU Portal\",\"publisher\":{\"@id\":\"https:\\\/\\\/yuga.at\\\/#organization\"},\"potentialAction\":[{\"@type\":\"SearchAction\",\"target\":{\"@type\":\"EntryPoint\",\"urlTemplate\":\"https:\\\/\\\/yuga.at\\\/?s={search_term_string}\"},\"query-input\":{\"@type\":\"PropertyValueSpecification\",\"valueRequired\":true,\"valueName\":\"search_term_string\"}}],\"inLanguage\":\"de\"},{\"@type\":\"Organization\",\"@id\":\"https:\\\/\\\/yuga.at\\\/#organization\",\"name\":\"YUga.at\",\"url\":\"https:\\\/\\\/yuga.at\\\/\",\"logo\":{\"@type\":\"ImageObject\",\"inLanguage\":\"de\",\"@id\":\"https:\\\/\\\/yuga.at\\\/#\\\/schema\\\/logo\\\/image\\\/\",\"url\":\"https:\\\/\\\/yuga.at\\\/wp-content\\\/uploads\\\/yuga-logo-black-250.png\",\"contentUrl\":\"https:\\\/\\\/yuga.at\\\/wp-content\\\/uploads\\\/yuga-logo-black-250.png\",\"width\":250,\"height\":143,\"caption\":\"YUga.at\"},\"image\":{\"@id\":\"https:\\\/\\\/yuga.at\\\/#\\\/schema\\\/logo\\\/image\\\/\"},\"sameAs\":[\"https:\\\/\\\/www.facebook.com\\\/yuga.austria\",\"https:\\\/\\\/www.instagram.com\\\/yuga.at\\\/\"]}]}<\/script>\n<!-- \/ Yoast SEO plugin. -->","yoast_head_json":{"title":"Servisi - YUga.at","robots":{"index":"index","follow":"follow","max-snippet":"max-snippet:-1","max-image-preview":"max-image-preview:large","max-video-preview":"max-video-preview:-1"},"canonical":"https:\/\/yuga.at\/de\/services\/","og_locale":"de_DE","og_type":"article","og_title":"Servisi - YUga.at","og_description":"Uslu\u017eni objekti Prodavnice Lekari Apoteke Prevoznici Grani\u010dni prelazi Taksi slu\u017ebe Automehani\u010dari Auto placevi Frizeri i kozmeti\u010dari Kupovina nedeljom De\u017eurne apoteke De\u017eurne slu\u017ebe Kultura Advokati...","og_url":"https:\/\/yuga.at\/de\/services\/","og_site_name":"YUga.at","article_publisher":"https:\/\/www.facebook.com\/yuga.austria","article_modified_time":"2022-07-31T10:53:42+00:00","og_image":[{"width":512,"height":592,"url":"https:\/\/yuga.at\/wp-content\/uploads\/service-red-project-icon.png","type":"image\/png"}],"twitter_card":"summary_large_image","twitter_misc":{"Gesch\u00e4tzte Lesezeit":"4\u00a0Minuten"},"schema":{"@context":"https:\/\/schema.org","@graph":[{"@type":"WebPage","@id":"https:\/\/yuga.at\/servisi\/","url":"https:\/\/yuga.at\/servisi\/","name":"Servisi - YUga.at","isPartOf":{"@id":"https:\/\/yuga.at\/#website"},"primaryImageOfPage":{"@id":"https:\/\/yuga.at\/servisi\/#primaryimage"},"image":{"@id":"https:\/\/yuga.at\/servisi\/#primaryimage"},"thumbnailUrl":"https:\/\/yuga.at\/wp-content\/uploads\/service-red-project-icon.png","datePublished":"2020-11-17T21:34:25+00:00","dateModified":"2022-07-31T10:53:42+00:00","breadcrumb":{"@id":"https:\/\/yuga.at\/servisi\/#breadcrumb"},"inLanguage":"de","potentialAction":[{"@type":"ReadAction","target":["https:\/\/yuga.at\/servisi\/"]}]},{"@type":"ImageObject","inLanguage":"de","@id":"https:\/\/yuga.at\/servisi\/#primaryimage","url":"https:\/\/yuga.at\/wp-content\/uploads\/service-red-project-icon.png","contentUrl":"https:\/\/yuga.at\/wp-content\/uploads\/service-red-project-icon.png","width":512,"height":592,"caption":"Servisi"},{"@type":"BreadcrumbList","@id":"https:\/\/yuga.at\/servisi\/#breadcrumb","itemListElement":[{"@type":"ListItem","position":1,"name":"Home","item":"https:\/\/yuga.at\/"},{"@type":"ListItem","position":2,"name":"Servisi"}]},{"@type":"WebSite","@id":"https:\/\/yuga.at\/#website","url":"https:\/\/yuga.at\/","name":"YUga.at","description":"exYU Portal","publisher":{"@id":"https:\/\/yuga.at\/#organization"},"potentialAction":[{"@type":"SearchAction","target":{"@type":"EntryPoint","urlTemplate":"https:\/\/yuga.at\/?s={search_term_string}"},"query-input":{"@type":"PropertyValueSpecification","valueRequired":true,"valueName":"search_term_string"}}],"inLanguage":"de"},{"@type":"Organization","@id":"https:\/\/yuga.at\/#organization","name":"YUga.at","url":"https:\/\/yuga.at\/","logo":{"@type":"ImageObject","inLanguage":"de","@id":"https:\/\/yuga.at\/#\/schema\/logo\/image\/","url":"https:\/\/yuga.at\/wp-content\/uploads\/yuga-logo-black-250.png","contentUrl":"https:\/\/yuga.at\/wp-content\/uploads\/yuga-logo-black-250.png","width":250,"height":143,"caption":"YUga.at"},"image":{"@id":"https:\/\/yuga.at\/#\/schema\/logo\/image\/"},"sameAs":["https:\/\/www.facebook.com\/yuga.austria","https:\/\/www.instagram.com\/yuga.at\/"]}]}},"taxonomy_info":[],"featured_image_src_large":["https:\/\/yuga.at\/wp-content\/uploads\/service-red-project-icon.png",512,592,false],"author_info":{"display_name":"Branko Todorovic","author_link":"https:\/\/yuga.at\/de\/author\/branko\/"},"comment_info":0,"_links":{"self":[{"href":"https:\/\/yuga.at\/de\/wp-json\/wp\/v2\/pages\/5484","targetHints":{"allow":["GET"]}}],"collection":[{"href":"https:\/\/yuga.at\/de\/wp-json\/wp\/v2\/pages"}],"about":[{"href":"https:\/\/yuga.at\/de\/wp-json\/wp\/v2\/types\/page"}],"author":[{"embeddable":true,"href":"https:\/\/yuga.at\/de\/wp-json\/wp\/v2\/users\/2"}],"replies":[{"embeddable":true,"href":"https:\/\/yuga.at\/de\/wp-json\/wp\/v2\/comments?post=5484"}],"version-history":[{"count":36,"href":"https:\/\/yuga.at\/de\/wp-json\/wp\/v2\/pages\/5484\/revisions"}],"predecessor-version":[{"id":11146,"href":"https:\/\/yuga.at\/de\/wp-json\/wp\/v2\/pages\/5484\/revisions\/11146"}],"wp:featuredmedia":[{"embeddable":true,"href":"https:\/\/yuga.at\/de\/wp-json\/wp\/v2\/media\/6232"}],"wp:attachment":[{"href":"https:\/\/yuga.at\/de\/wp-json\/wp\/v2\/media?parent=5484"}],"curies":[{"name":"wp","href":"https:\/\/api.w.org\/{rel}","templated":true}]}}