{"id":7294,"date":"2021-03-18T11:04:42","date_gmt":"2021-03-18T10:04:42","guid":{"rendered":"https:\/\/yuga.at\/?page_id=7294"},"modified":"2021-04-21T19:51:52","modified_gmt":"2021-04-21T17:51:52","slug":"nachrichten-oesterreich","status":"publish","type":"page","link":"https:\/\/yuga.at\/de\/vesti-austrija\/","title":{"rendered":"Nachrichten - \u00d6sterreich"},"content":{"rendered":"<div class=\"wp-block-columns alignfull is-layout-flex wp-container-core-columns-is-layout-9d6595d7 wp-block-columns-is-layout-flex\">\n<div class=\"wp-block-column is-layout-flow wp-block-column-is-layout-flow\">\t\t\t<script>\n\t\t\t\t$ = jQuery;\n\t\t\t\tjQuery(document).ready(function() {\n\t\t\t\t\tjQuery('.print_click').on(\"click\", function(e) {\n\t\t\t\t\t\t$(\"img\").removeClass(\" lazyloaded\");\n\t\t\t\t\t\t$(\"img\").removeClass(\"lazyload\");\n\t\t\t\t\t\t$(\"img\").removeAttr(\"style\");\n\t\t\t\t\t\t$('.famous-grid').css(\"margin-top\", \"30px\");\n\t\t\t\t\t\t$('.blog_header').removeClass('hover');\n\t\t\t\t\t\t$('.print_click').hide();\n\t\t\t\t\t\twindow.print();\n\t\t\t\t\t});\n\n\n\t\t\t\t});\n\t\t\t<\/script>\n\t\t\t<div id=\"content\" class=\"bdp_wrapper bdp_post_list  media-grid  media-grid_cover layout_id_4\"><div class='bdp-row column_layout_2 column_layout_ipad_2 column_layout_tablet_1 column_layout_mobile_1 media-grid'><div class=\"bdp_no_post_fond\">No posts found.<\/div><\/div><form class=\"ddd\" name=\"bdp-paged-hidden\" id=\"bdp-paged-hidden\" action=\"\"><input type=\"hidden\" name=\"paged\" id=\"paged\" value=\"7294\" \/><input type=\"hidden\" name=\"posts_per_page\" id=\"posts_per_page\" value=\"9\" \/><input type=\"hidden\" name=\"max_num_pages\" id=\"max_num_pages\" value=\"0\" \/><input type=\"hidden\" name=\"found_posts\" id=\"found_posts\" value=\"0\" \/><input type=\"hidden\" name=\"blog_template\" id=\"blog_template\" value=\"media-grid\" \/><input type=\"hidden\" name=\"blog_layout\" id=\"blog_layout\" value=\"blog_layout\" \/><input type=\"hidden\" name=\"blog_shortcode_id\" id=\"blog_shortcode_id\" value=\"4\" \/><input type=\"hidden\" name=\"terms\" id=\"terms\" value=\"97\" \/><input type=\"hidden\" name=\"trp-form-language\" value=\"de\"\/><\/form><div class=\"wl_pagination_box template-2\"><\/div><\/div>\n<\/div>\n<\/div>","protected":false},"excerpt":{"rendered":"","protected":false},"author":3,"featured_media":0,"parent":0,"menu_order":0,"comment_status":"closed","ping_status":"closed","template":"","meta":{"_acf_changed":false,"_kad_blocks_custom_css":"","_kad_blocks_head_custom_js":"","_kad_blocks_body_custom_js":"","_kad_blocks_footer_custom_js":"","footnotes":""},"class_list":["post-7294","page","type-page","status-publish","hentry","entry","post-no-thumbnail"],"acf":[],"yoast_head":"<!-- This site is optimized with the Yoast SEO plugin v27.3 - https:\/\/yoast.com\/product\/yoast-seo-wordpress\/ -->\n<title>Vesti - Austrija - YUga.at<\/title>\n<meta name=\"description\" content=\"Vesti iz Austrije. Najva\u017enije vesti iz Austrije koje se ti\u010du na\u0161ih ljudi.\" \/>\n<meta name=\"robots\" content=\"index, follow, max-snippet:-1, max-image-preview:large, max-video-preview:-1\" \/>\n<link rel=\"canonical\" href=\"https:\/\/yuga.at\/de\/nachrichten-oesterreich\/\" \/>\n<meta property=\"og:locale\" content=\"de_DE\" \/>\n<meta property=\"og:type\" content=\"article\" \/>\n<meta property=\"og:title\" content=\"Vesti - Austrija - YUga.at\" \/>\n<meta property=\"og:description\" content=\"Vesti iz Austrije. Najva\u017enije vesti iz Austrije koje se ti\u010du na\u0161ih ljudi.\" \/>\n<meta property=\"og:url\" content=\"https:\/\/yuga.at\/de\/nachrichten-oesterreich\/\" \/>\n<meta property=\"og:site_name\" content=\"YUga.at\" \/>\n<meta property=\"article:publisher\" content=\"https:\/\/www.facebook.com\/yuga.austria\" \/>\n<meta property=\"article:modified_time\" content=\"2021-04-21T17:51:52+00:00\" \/>\n<meta name=\"twitter:card\" content=\"summary_large_image\" \/>\n<meta name=\"twitter:label1\" content=\"Gesch\u00e4tzte Lesezeit\" \/>\n\t<meta name=\"twitter:data1\" content=\"1\u00a0Minute\" \/>\n<script type=\"application\/ld+json\" class=\"yoast-schema-graph\">{\"@context\":\"https:\\\/\\\/schema.org\",\"@graph\":[{\"@type\":\"WebPage\",\"@id\":\"https:\\\/\\\/yuga.at\\\/vesti-austrija\\\/\",\"url\":\"https:\\\/\\\/yuga.at\\\/vesti-austrija\\\/\",\"name\":\"Vesti - Austrija - YUga.at\",\"isPartOf\":{\"@id\":\"https:\\\/\\\/yuga.at\\\/#website\"},\"datePublished\":\"2021-03-18T10:04:42+00:00\",\"dateModified\":\"2021-04-21T17:51:52+00:00\",\"description\":\"Vesti iz Austrije. Najva\u017enije vesti iz Austrije koje se ti\u010du na\u0161ih ljudi.\",\"breadcrumb\":{\"@id\":\"https:\\\/\\\/yuga.at\\\/vesti-austrija\\\/#breadcrumb\"},\"inLanguage\":\"de\",\"potentialAction\":[{\"@type\":\"ReadAction\",\"target\":[\"https:\\\/\\\/yuga.at\\\/vesti-austrija\\\/\"]}]},{\"@type\":\"BreadcrumbList\",\"@id\":\"https:\\\/\\\/yuga.at\\\/vesti-austrija\\\/#breadcrumb\",\"itemListElement\":[{\"@type\":\"ListItem\",\"position\":1,\"name\":\"Home\",\"item\":\"https:\\\/\\\/yuga.at\\\/\"},{\"@type\":\"ListItem\",\"position\":2,\"name\":\"Vesti &#8211; Austrija\"}]},{\"@type\":\"WebSite\",\"@id\":\"https:\\\/\\\/yuga.at\\\/#website\",\"url\":\"https:\\\/\\\/yuga.at\\\/\",\"name\":\"YUga.at\",\"description\":\"exYU Portal\",\"publisher\":{\"@id\":\"https:\\\/\\\/yuga.at\\\/#organization\"},\"potentialAction\":[{\"@type\":\"SearchAction\",\"target\":{\"@type\":\"EntryPoint\",\"urlTemplate\":\"https:\\\/\\\/yuga.at\\\/?s={search_term_string}\"},\"query-input\":{\"@type\":\"PropertyValueSpecification\",\"valueRequired\":true,\"valueName\":\"search_term_string\"}}],\"inLanguage\":\"de\"},{\"@type\":\"Organization\",\"@id\":\"https:\\\/\\\/yuga.at\\\/#organization\",\"name\":\"YUga.at\",\"url\":\"https:\\\/\\\/yuga.at\\\/\",\"logo\":{\"@type\":\"ImageObject\",\"inLanguage\":\"de\",\"@id\":\"https:\\\/\\\/yuga.at\\\/#\\\/schema\\\/logo\\\/image\\\/\",\"url\":\"https:\\\/\\\/yuga.at\\\/wp-content\\\/uploads\\\/yuga-logo-black-250.png\",\"contentUrl\":\"https:\\\/\\\/yuga.at\\\/wp-content\\\/uploads\\\/yuga-logo-black-250.png\",\"width\":250,\"height\":143,\"caption\":\"YUga.at\"},\"image\":{\"@id\":\"https:\\\/\\\/yuga.at\\\/#\\\/schema\\\/logo\\\/image\\\/\"},\"sameAs\":[\"https:\\\/\\\/www.facebook.com\\\/yuga.austria\",\"https:\\\/\\\/www.instagram.com\\\/yuga.at\\\/\"]}]}<\/script>\n<!-- \/ Yoast SEO plugin. -->","yoast_head_json":{"title":"Vesti - Austrija - YUga.at","description":"Vesti iz Austrije. Najva\u017enije vesti iz Austrije koje se ti\u010du na\u0161ih ljudi.","robots":{"index":"index","follow":"follow","max-snippet":"max-snippet:-1","max-image-preview":"max-image-preview:large","max-video-preview":"max-video-preview:-1"},"canonical":"https:\/\/yuga.at\/de\/nachrichten-oesterreich\/","og_locale":"de_DE","og_type":"article","og_title":"Vesti - Austrija - YUga.at","og_description":"Vesti iz Austrije. Najva\u017enije vesti iz Austrije koje se ti\u010du na\u0161ih ljudi.","og_url":"https:\/\/yuga.at\/de\/nachrichten-oesterreich\/","og_site_name":"YUga.at","article_publisher":"https:\/\/www.facebook.com\/yuga.austria","article_modified_time":"2021-04-21T17:51:52+00:00","twitter_card":"summary_large_image","twitter_misc":{"Gesch\u00e4tzte Lesezeit":"1\u00a0Minute"},"schema":{"@context":"https:\/\/schema.org","@graph":[{"@type":"WebPage","@id":"https:\/\/yuga.at\/vesti-austrija\/","url":"https:\/\/yuga.at\/vesti-austrija\/","name":"Vesti - Austrija - YUga.at","isPartOf":{"@id":"https:\/\/yuga.at\/#website"},"datePublished":"2021-03-18T10:04:42+00:00","dateModified":"2021-04-21T17:51:52+00:00","description":"Vesti iz Austrije. Najva\u017enije vesti iz Austrije koje se ti\u010du na\u0161ih ljudi.","breadcrumb":{"@id":"https:\/\/yuga.at\/vesti-austrija\/#breadcrumb"},"inLanguage":"de","potentialAction":[{"@type":"ReadAction","target":["https:\/\/yuga.at\/vesti-austrija\/"]}]},{"@type":"BreadcrumbList","@id":"https:\/\/yuga.at\/vesti-austrija\/#breadcrumb","itemListElement":[{"@type":"ListItem","position":1,"name":"Home","item":"https:\/\/yuga.at\/"},{"@type":"ListItem","position":2,"name":"Vesti &#8211; Austrija"}]},{"@type":"WebSite","@id":"https:\/\/yuga.at\/#website","url":"https:\/\/yuga.at\/","name":"YUga.at","description":"exYU Portal","publisher":{"@id":"https:\/\/yuga.at\/#organization"},"potentialAction":[{"@type":"SearchAction","target":{"@type":"EntryPoint","urlTemplate":"https:\/\/yuga.at\/?s={search_term_string}"},"query-input":{"@type":"PropertyValueSpecification","valueRequired":true,"valueName":"search_term_string"}}],"inLanguage":"de"},{"@type":"Organization","@id":"https:\/\/yuga.at\/#organization","name":"YUga.at","url":"https:\/\/yuga.at\/","logo":{"@type":"ImageObject","inLanguage":"de","@id":"https:\/\/yuga.at\/#\/schema\/logo\/image\/","url":"https:\/\/yuga.at\/wp-content\/uploads\/yuga-logo-black-250.png","contentUrl":"https:\/\/yuga.at\/wp-content\/uploads\/yuga-logo-black-250.png","width":250,"height":143,"caption":"YUga.at"},"image":{"@id":"https:\/\/yuga.at\/#\/schema\/logo\/image\/"},"sameAs":["https:\/\/www.facebook.com\/yuga.austria","https:\/\/www.instagram.com\/yuga.at\/"]}]}},"taxonomy_info":[],"featured_image_src_large":false,"author_info":{"display_name":"Srdjan","author_link":"https:\/\/yuga.at\/de\/author\/srdjan\/"},"comment_info":0,"_links":{"self":[{"href":"https:\/\/yuga.at\/de\/wp-json\/wp\/v2\/pages\/7294","targetHints":{"allow":["GET"]}}],"collection":[{"href":"https:\/\/yuga.at\/de\/wp-json\/wp\/v2\/pages"}],"about":[{"href":"https:\/\/yuga.at\/de\/wp-json\/wp\/v2\/types\/page"}],"author":[{"embeddable":true,"href":"https:\/\/yuga.at\/de\/wp-json\/wp\/v2\/users\/3"}],"replies":[{"embeddable":true,"href":"https:\/\/yuga.at\/de\/wp-json\/wp\/v2\/comments?post=7294"}],"version-history":[{"count":14,"href":"https:\/\/yuga.at\/de\/wp-json\/wp\/v2\/pages\/7294\/revisions"}],"predecessor-version":[{"id":7396,"href":"https:\/\/yuga.at\/de\/wp-json\/wp\/v2\/pages\/7294\/revisions\/7396"}],"wp:attachment":[{"href":"https:\/\/yuga.at\/de\/wp-json\/wp\/v2\/media?parent=7294"}],"curies":[{"name":"wp","href":"https:\/\/api.w.org\/{rel}","templated":true}]}}