{"id":9928,"date":"2022-02-22T17:59:50","date_gmt":"2022-02-22T16:59:50","guid":{"rendered":"https:\/\/yuga.at\/?page_id=9928"},"modified":"2022-09-08T09:23:51","modified_gmt":"2022-09-08T07:23:51","slug":"kulturveranstaltungen-in-wien","status":"publish","type":"page","link":"https:\/\/yuga.at\/de\/kulturna-desavanja-u-becu\/","title":{"rendered":"Kulturveranstaltungen in Wien"},"content":{"rendered":"<div class=\"mec-wrap mec-skin-list-container\" id=\"mec_skin_9930\">\r\n\r\n    \r\n            <div class=\"mec-skin-list-events-container\" id=\"mec_skin_events_9930\">\r\n        <div class=\"mec-wrap colorskin-custom\">\r\n\t<div class=\"mec-event-list-classic\">\r\n\t\t\r\n                        <div class=\"mec-month-divider\" data-toggle-divider=\"mec-toggle-202603-9930\"><h5 style=\"display: inline;\">M\u00e4rz 2026<\/h5><i class=\"mec-sl-arrow-down\"><\/i><\/div>\r\n            \r\n                        <article class=\"mec-event-article  mec-clear  mec-divider-toggle mec-toggle-202603-9930\" itemscope>\r\n                                                        <div class=\"mec-event-image\"><a class=\"mec-color-hover\" data-event-id=\"9582\" href=\"https:\/\/yuga.at\/de\/dogadjaji\/yugo-florida\/\" target=\"_self\" rel=\"noopener\"><img loading=\"lazy\" decoding=\"async\" width=\"150\" height=\"150\" src=\"https:\/\/yuga.at\/wp-content\/uploads\/YugoFlorida-150x150.jpg\" class=\"attachment-thumbnail size-thumbnail wp-post-image\" alt=\"\" data-mec-postid=\"9582\" \/><\/a><\/div>\r\n                                            <div class=\"mec-event-date mec-color\"><i class=\"mec-sl-calendar\"><\/i> <span class=\"mec-start-date-label\">M\u00e4rz 27 2026<\/span><span class=\"mec-end-date-label\" itemprop=\"endDate\"> - Mai 31 2026<\/span><\/div>\r\n                        <div class=\"mec-event-time mec-color\"><\/div>\r\n                                                                                <h4 class=\"mec-event-title\"><a class=\"mec-color-hover\" data-event-id=\"9582\" href=\"https:\/\/yuga.at\/de\/dogadjaji\/yugo-florida\/\" target=\"_self\" rel=\"noopener\">Yugo Florida<\/a><span class=\"event-color\" style=\"background: #00a0d2\"><\/span><\/h4>\r\n                    <div class=\"mec-event-detail\"><div class=\"mec-event-loc-place\"><i class=\"mec-sl-map-marker\"><\/i> Cineplexx Millennium City<\/div><\/div>                                                                                                                                <\/article>\r\n            \t\t\r\n                        <div class=\"mec-month-divider\" data-toggle-divider=\"mec-toggle-202605-9930\"><h5 style=\"display: inline;\">Mai 2026<\/h5><i class=\"mec-sl-arrow-down\"><\/i><\/div>\r\n            \r\n                        <article class=\"mec-event-article  mec-clear mec-label-featured mec-featured-event-wrapper mec-divider-toggle mec-toggle-202605-9930\" itemscope>\r\n                                                        <div class=\"mec-event-image\"><a class=\"mec-color-hover\" data-event-id=\"18931\" href=\"https:\/\/yuga.at\/de\/dogadjaji\/promocija-romana-becki-roman-dragana-velikica\/\" target=\"_self\" rel=\"noopener\"><img loading=\"lazy\" decoding=\"async\" width=\"150\" height=\"150\" src=\"https:\/\/yuga.at\/wp-content\/uploads\/becki_roman-150x150.jpg\" class=\"attachment-thumbnail size-thumbnail wp-post-image\" alt=\"\" data-mec-postid=\"18931\" \/><\/a><\/div>\r\n                                            <div class=\"mec-event-date mec-color\"><i class=\"mec-sl-calendar\"><\/i> <span class=\"mec-start-date-label\">Mai 20 2026<\/span><\/div>\r\n                        <div class=\"mec-event-time mec-color\"><\/div>\r\n                                        <span class=\"mec-event-label-captions\" style=\"--background-color: #8224e3;background-color: #8224e3\">Hervorgehoben<\/span>                                        <h4 class=\"mec-event-title\"><a class=\"mec-color-hover\" data-event-id=\"18931\" href=\"https:\/\/yuga.at\/de\/dogadjaji\/promocija-romana-becki-roman-dragana-velikica\/\" target=\"_self\" rel=\"noopener\">Promocija romana &#8220;Be\u010dki Roman&#8221; Dragana Veliki\u0107a<\/a><span class=\"event-color\" style=\"background: #00a0d2\"><\/span><\/h4>\r\n                    <div class=\"mec-event-detail\"><div class=\"mec-event-loc-place\"><i class=\"mec-sl-map-marker\"><\/i> Institut f\u00fcr Slawistik Universit\u00e4t Wien<\/div><\/div>                                                                                                                                <\/article>\r\n            \t\t\r\n            \r\n                        <article class=\"mec-event-article  mec-clear  mec-divider-toggle mec-toggle-202605-9930\" itemscope>\r\n                                                        <div class=\"mec-event-image\"><a class=\"mec-color-hover\" data-event-id=\"18794\" href=\"https:\/\/yuga.at\/de\/dogadjaji\/sve-je-do-nas\/\" target=\"_self\" rel=\"noopener\"><img loading=\"lazy\" decoding=\"async\" width=\"150\" height=\"150\" src=\"https:\/\/yuga.at\/wp-content\/uploads\/sve-je-do-nas-150x150.jpg\" class=\"attachment-thumbnail size-thumbnail wp-post-image\" alt=\"\" data-mec-postid=\"18794\" \/><\/a><\/div>\r\n                                            <div class=\"mec-event-date mec-color\"><i class=\"mec-sl-calendar\"><\/i> <span class=\"mec-start-date-label\">Mai 21 2026<\/span><\/div>\r\n                        <div class=\"mec-event-time mec-color\"><\/div>\r\n                                                                                <h4 class=\"mec-event-title\"><a class=\"mec-color-hover\" data-event-id=\"18794\" href=\"https:\/\/yuga.at\/de\/dogadjaji\/sve-je-do-nas\/\" target=\"_self\" rel=\"noopener\">Sve je do nas<\/a><span class=\"event-color\" style=\"background: #00a0d2\"><\/span><\/h4>\r\n                    <div class=\"mec-event-detail\"><div class=\"mec-event-loc-place\"><i class=\"mec-sl-map-marker\"><\/i> VHS PAHO<\/div><\/div>                                                                                                                                <\/article>\r\n            \t\t\r\n                        <div class=\"mec-month-divider\" data-toggle-divider=\"mec-toggle-202606-9930\"><h5 style=\"display: inline;\">Juni 2026<\/h5><i class=\"mec-sl-arrow-down\"><\/i><\/div>\r\n            \r\n                        <article class=\"mec-event-article  mec-clear mec-label-featured mec-featured-event-wrapper mec-divider-toggle mec-toggle-202606-9930\" itemscope>\r\n                                                        <div class=\"mec-event-image\"><a class=\"mec-color-hover\" data-event-id=\"11435\" href=\"https:\/\/yuga.at\/de\/dogadjaji\/decja-predstava-jezeva-kucica\/\" target=\"_self\" rel=\"noopener\"><img loading=\"lazy\" decoding=\"async\" width=\"150\" height=\"150\" src=\"https:\/\/yuga.at\/wp-content\/uploads\/jezeva_kucica-150x150.jpeg\" class=\"attachment-thumbnail size-thumbnail wp-post-image\" alt=\"\" data-mec-postid=\"11435\" \/><\/a><\/div>\r\n                                            <div class=\"mec-event-date mec-color\"><i class=\"mec-sl-calendar\"><\/i> <span class=\"mec-start-date-label\">Juni 21 2026<\/span><\/div>\r\n                        <div class=\"mec-event-time mec-color\"><\/div>\r\n                                        <span class=\"mec-event-label-captions\" style=\"--background-color: #8224e3;background-color: #8224e3\">Hervorgehoben<\/span>                                        <h4 class=\"mec-event-title\"><a class=\"mec-color-hover\" data-event-id=\"11435\" href=\"https:\/\/yuga.at\/de\/dogadjaji\/decja-predstava-jezeva-kucica\/\" target=\"_self\" rel=\"noopener\">De\u010dja predstava &#8220;Je\u017eeva ku\u0107ica&#8221;<\/a><span class=\"event-color\" style=\"background: #00a0d2\"><\/span><\/h4>\r\n                    <div class=\"mec-event-detail\"><div class=\"mec-event-loc-place\"><i class=\"mec-sl-map-marker\"><\/i> VHS Wiener Urania<\/div><\/div>                                                                                                                                <\/article>\r\n            \t\t\t<\/div>\r\n<\/div>\r\n\r\n    <\/div>\r\n    <div class=\"mec-skin-list-no-events-container mec-util-hidden\" id=\"mec_skin_no_events_9930\">\r\n        Keine Veranstaltung gefunden    <\/div>\r\n    \r\n    \r\n<\/div>\r\n\n\n\n\n<div class=\"wp-block-buttons is-content-justification-center is-layout-flex wp-container-core-buttons-is-layout-5590e8cb wp-block-buttons-is-layout-flex\">\n<div class=\"wp-block-button\"><a class=\"wp-block-button__link\" href=\"https:\/\/yuga.at\/de\/alle-events\/\">Andere Veranstaltungen<\/a><\/div>\n<\/div>\n\n\n\n<p><\/p>","protected":false},"excerpt":{"rendered":"","protected":false},"author":3,"featured_media":0,"parent":0,"menu_order":0,"comment_status":"closed","ping_status":"closed","template":"","meta":{"_acf_changed":false,"_kad_blocks_custom_css":"","_kad_blocks_head_custom_js":"","_kad_blocks_body_custom_js":"","_kad_blocks_footer_custom_js":"","footnotes":""},"class_list":["post-9928","page","type-page","status-publish","hentry","entry"],"acf":[],"yoast_head":"<!-- This site is optimized with the Yoast SEO plugin v27.3 - https:\/\/yoast.com\/product\/yoast-seo-wordpress\/ -->\n<title>Kulturna de\u0161avanja u Be\u010du - YUga.at<\/title>\n<meta name=\"description\" content=\"Pozori\u0161ne predstave na na\u0161em jeziku u be\u010dkim teatrima.\" \/>\n<meta name=\"robots\" content=\"index, follow, max-snippet:-1, max-image-preview:large, max-video-preview:-1\" \/>\n<link rel=\"canonical\" href=\"https:\/\/yuga.at\/de\/kulturveranstaltungen-in-wien\/\" \/>\n<meta property=\"og:locale\" content=\"de_DE\" \/>\n<meta property=\"og:type\" content=\"article\" \/>\n<meta property=\"og:title\" content=\"Kulturna de\u0161avanja u Be\u010du - YUga.at\" \/>\n<meta property=\"og:description\" content=\"Pozori\u0161ne predstave na na\u0161em jeziku u be\u010dkim teatrima.\" \/>\n<meta property=\"og:url\" content=\"https:\/\/yuga.at\/de\/kulturveranstaltungen-in-wien\/\" \/>\n<meta property=\"og:site_name\" content=\"YUga.at\" \/>\n<meta property=\"article:publisher\" content=\"https:\/\/www.facebook.com\/yuga.austria\" \/>\n<meta property=\"article:modified_time\" content=\"2022-09-08T07:23:51+00:00\" \/>\n<meta name=\"twitter:card\" content=\"summary_large_image\" \/>\n<meta name=\"twitter:label1\" content=\"Gesch\u00e4tzte Lesezeit\" \/>\n\t<meta name=\"twitter:data1\" content=\"1\u00a0Minute\" \/>\n<script type=\"application\/ld+json\" class=\"yoast-schema-graph\">{\"@context\":\"https:\\\/\\\/schema.org\",\"@graph\":[{\"@type\":\"WebPage\",\"@id\":\"https:\\\/\\\/yuga.at\\\/kulturna-desavanja-u-becu\\\/\",\"url\":\"https:\\\/\\\/yuga.at\\\/kulturna-desavanja-u-becu\\\/\",\"name\":\"Kulturna de\u0161avanja u Be\u010du - YUga.at\",\"isPartOf\":{\"@id\":\"https:\\\/\\\/yuga.at\\\/#website\"},\"datePublished\":\"2022-02-22T16:59:50+00:00\",\"dateModified\":\"2022-09-08T07:23:51+00:00\",\"description\":\"Pozori\u0161ne predstave na na\u0161em jeziku u be\u010dkim teatrima.\",\"breadcrumb\":{\"@id\":\"https:\\\/\\\/yuga.at\\\/kulturna-desavanja-u-becu\\\/#breadcrumb\"},\"inLanguage\":\"de\",\"potentialAction\":[{\"@type\":\"ReadAction\",\"target\":[\"https:\\\/\\\/yuga.at\\\/kulturna-desavanja-u-becu\\\/\"]}]},{\"@type\":\"BreadcrumbList\",\"@id\":\"https:\\\/\\\/yuga.at\\\/kulturna-desavanja-u-becu\\\/#breadcrumb\",\"itemListElement\":[{\"@type\":\"ListItem\",\"position\":1,\"name\":\"Home\",\"item\":\"https:\\\/\\\/yuga.at\\\/\"},{\"@type\":\"ListItem\",\"position\":2,\"name\":\"Kulturna de\u0161avanja u Be\u010du\"}]},{\"@type\":\"WebSite\",\"@id\":\"https:\\\/\\\/yuga.at\\\/#website\",\"url\":\"https:\\\/\\\/yuga.at\\\/\",\"name\":\"YUga.at\",\"description\":\"exYU Portal\",\"publisher\":{\"@id\":\"https:\\\/\\\/yuga.at\\\/#organization\"},\"potentialAction\":[{\"@type\":\"SearchAction\",\"target\":{\"@type\":\"EntryPoint\",\"urlTemplate\":\"https:\\\/\\\/yuga.at\\\/?s={search_term_string}\"},\"query-input\":{\"@type\":\"PropertyValueSpecification\",\"valueRequired\":true,\"valueName\":\"search_term_string\"}}],\"inLanguage\":\"de\"},{\"@type\":\"Organization\",\"@id\":\"https:\\\/\\\/yuga.at\\\/#organization\",\"name\":\"YUga.at\",\"url\":\"https:\\\/\\\/yuga.at\\\/\",\"logo\":{\"@type\":\"ImageObject\",\"inLanguage\":\"de\",\"@id\":\"https:\\\/\\\/yuga.at\\\/#\\\/schema\\\/logo\\\/image\\\/\",\"url\":\"https:\\\/\\\/yuga.at\\\/wp-content\\\/uploads\\\/yuga-logo-black-250.png\",\"contentUrl\":\"https:\\\/\\\/yuga.at\\\/wp-content\\\/uploads\\\/yuga-logo-black-250.png\",\"width\":250,\"height\":143,\"caption\":\"YUga.at\"},\"image\":{\"@id\":\"https:\\\/\\\/yuga.at\\\/#\\\/schema\\\/logo\\\/image\\\/\"},\"sameAs\":[\"https:\\\/\\\/www.facebook.com\\\/yuga.austria\",\"https:\\\/\\\/www.instagram.com\\\/yuga.at\\\/\"]}]}<\/script>\n<!-- \/ Yoast SEO plugin. -->","yoast_head_json":{"title":"Kulturna de\u0161avanja u Be\u010du - YUga.at","description":"Pozori\u0161ne predstave na na\u0161em jeziku u be\u010dkim teatrima.","robots":{"index":"index","follow":"follow","max-snippet":"max-snippet:-1","max-image-preview":"max-image-preview:large","max-video-preview":"max-video-preview:-1"},"canonical":"https:\/\/yuga.at\/de\/kulturveranstaltungen-in-wien\/","og_locale":"de_DE","og_type":"article","og_title":"Kulturna de\u0161avanja u Be\u010du - YUga.at","og_description":"Pozori\u0161ne predstave na na\u0161em jeziku u be\u010dkim teatrima.","og_url":"https:\/\/yuga.at\/de\/kulturveranstaltungen-in-wien\/","og_site_name":"YUga.at","article_publisher":"https:\/\/www.facebook.com\/yuga.austria","article_modified_time":"2022-09-08T07:23:51+00:00","twitter_card":"summary_large_image","twitter_misc":{"Gesch\u00e4tzte Lesezeit":"1\u00a0Minute"},"schema":{"@context":"https:\/\/schema.org","@graph":[{"@type":"WebPage","@id":"https:\/\/yuga.at\/kulturna-desavanja-u-becu\/","url":"https:\/\/yuga.at\/kulturna-desavanja-u-becu\/","name":"Kulturna de\u0161avanja u Be\u010du - YUga.at","isPartOf":{"@id":"https:\/\/yuga.at\/#website"},"datePublished":"2022-02-22T16:59:50+00:00","dateModified":"2022-09-08T07:23:51+00:00","description":"Pozori\u0161ne predstave na na\u0161em jeziku u be\u010dkim teatrima.","breadcrumb":{"@id":"https:\/\/yuga.at\/kulturna-desavanja-u-becu\/#breadcrumb"},"inLanguage":"de","potentialAction":[{"@type":"ReadAction","target":["https:\/\/yuga.at\/kulturna-desavanja-u-becu\/"]}]},{"@type":"BreadcrumbList","@id":"https:\/\/yuga.at\/kulturna-desavanja-u-becu\/#breadcrumb","itemListElement":[{"@type":"ListItem","position":1,"name":"Home","item":"https:\/\/yuga.at\/"},{"@type":"ListItem","position":2,"name":"Kulturna de\u0161avanja u Be\u010du"}]},{"@type":"WebSite","@id":"https:\/\/yuga.at\/#website","url":"https:\/\/yuga.at\/","name":"YUga.at","description":"exYU Portal","publisher":{"@id":"https:\/\/yuga.at\/#organization"},"potentialAction":[{"@type":"SearchAction","target":{"@type":"EntryPoint","urlTemplate":"https:\/\/yuga.at\/?s={search_term_string}"},"query-input":{"@type":"PropertyValueSpecification","valueRequired":true,"valueName":"search_term_string"}}],"inLanguage":"de"},{"@type":"Organization","@id":"https:\/\/yuga.at\/#organization","name":"YUga.at","url":"https:\/\/yuga.at\/","logo":{"@type":"ImageObject","inLanguage":"de","@id":"https:\/\/yuga.at\/#\/schema\/logo\/image\/","url":"https:\/\/yuga.at\/wp-content\/uploads\/yuga-logo-black-250.png","contentUrl":"https:\/\/yuga.at\/wp-content\/uploads\/yuga-logo-black-250.png","width":250,"height":143,"caption":"YUga.at"},"image":{"@id":"https:\/\/yuga.at\/#\/schema\/logo\/image\/"},"sameAs":["https:\/\/www.facebook.com\/yuga.austria","https:\/\/www.instagram.com\/yuga.at\/"]}]}},"taxonomy_info":[],"featured_image_src_large":false,"author_info":{"display_name":"Srdjan","author_link":"https:\/\/yuga.at\/de\/author\/srdjan\/"},"comment_info":0,"_links":{"self":[{"href":"https:\/\/yuga.at\/de\/wp-json\/wp\/v2\/pages\/9928","targetHints":{"allow":["GET"]}}],"collection":[{"href":"https:\/\/yuga.at\/de\/wp-json\/wp\/v2\/pages"}],"about":[{"href":"https:\/\/yuga.at\/de\/wp-json\/wp\/v2\/types\/page"}],"author":[{"embeddable":true,"href":"https:\/\/yuga.at\/de\/wp-json\/wp\/v2\/users\/3"}],"replies":[{"embeddable":true,"href":"https:\/\/yuga.at\/de\/wp-json\/wp\/v2\/comments?post=9928"}],"version-history":[{"count":4,"href":"https:\/\/yuga.at\/de\/wp-json\/wp\/v2\/pages\/9928\/revisions"}],"predecessor-version":[{"id":11291,"href":"https:\/\/yuga.at\/de\/wp-json\/wp\/v2\/pages\/9928\/revisions\/11291"}],"wp:attachment":[{"href":"https:\/\/yuga.at\/de\/wp-json\/wp\/v2\/media?parent=9928"}],"curies":[{"name":"wp","href":"https:\/\/api.w.org\/{rel}","templated":true}]}}